{"id":25,"date":"2024-10-08T11:47:23","date_gmt":"2024-10-08T11:47:23","guid":{"rendered":"https:\/\/tsv-reiffenhausen.de\/?page_id=25"},"modified":"2025-05-24T16:11:43","modified_gmt":"2025-05-24T14:11:43","slug":"chronik-des-vereins","status":"publish","type":"page","link":"https:\/\/tsv-reiffenhausen.de\/neu\/verein\/chronik-des-vereins\/","title":{"rendered":"Chronik des Vereins"},"content":{"rendered":"\n<h2 class=\"wp-block-heading\">Chronik des Vereins<\/h2>\n\n\n\n<p><br><strong>Die fr\u00fchen Jahre 1923 bis 1938<\/strong><br>&nbsp;<br>1923 Gr\u00fcndung des Vereins als \u201eJunggesellen-Sportverein\u201c; 01.11.1923 (nicht sicher, entnommen aus Satzungs\u00e4nderung 1987)<br>1924 Aufnahme Fu\u00dfballspielbetrieb, Beitritt zum Fu\u00dfballverband<br>1925 Erste Protokollaufzeichnungen, Albert Linne \u2013 Vorsitzender<br>1928 Jedes Mitglied hatte 1 Mark zu zahlen, um einen Fu\u00dfball anzuschaffen<br>1929 Satzungs\u00e4nderung \u2013 nunmehr Sportverein<br>1931 Bildung einer Turnabteilung, Einweihung Behelfssportplatz \u201eAuf dem Heerberg\u201c<br>1932 Otto Christop II &#8211; Vorsitzender<br>1932 Der Monatsbeitrag betrug \u00abviertelj\u00e4hrlich\u00bb 1 Mark<br>1933 Erich Linne &#8211; Vorsitzender<br>1934 erstmals erw\u00e4hnt: Kleinkaliber Sch\u00fctzengruppe<br>1936 Rudolf Deppe &#8211; Vorsitzender<br>1936 Der Sportplatzbau wird geplant. Kostensch\u00e4tzung: 7.000,&#8211; RM. Eine Finanzierung ist nicht m\u00f6glich. Trotzdem f\u00e4ngt man an. Bei einem Unwetter im August werden am Sportplatz 70-80 Loren Boden weggeschwemmt.<br>1938 Die Arbeiten am Sportplatz werden eingestellt.<br>1938 Zusammenschluss mit Kirchgandern. Fu\u00dfballspiele in Kirchgandern; Vereinsf\u00fchrung in Reiffenhausen, letzter Eintrag im Protokollbuch vor dem 2. Weltkrieg<br><strong>&nbsp;<\/strong><br><strong>Wiederaufbau nach dem Krieg 1946 bis 1955<\/strong><br>&nbsp;<br>1946 Wiedergr\u00fcndung des Vereins am 15.M\u00e4rz, Arno R\u00fchling \u2013 Vorsitzender, Ernst Herthum \u2013 Schriftf\u00fchrer, Aufnahme der Fu\u00dfballspiele, Spielgemeinschaft mit Hebenshausen<br>1946 Beginn der Bauarbeiten am neuen Sportplatz am 27.Juni auf dem Talanger, Kostenvoranschlag: 12.593 RM, Bausumme: 14.123 RM<br>1947 Pachtvertrag f\u00fcr Sportplatz zwischen TSV und Realgemeinde vom 17.M\u00e4rz 1947<br>1947 Gr\u00fcndung Turnabteilung am 12. Februar<br>1947 Gr\u00fcndung Tischtennisabteilung am 08. September<br>1948 Gr\u00fcndung Boxabteilung am 28. Mai<br>1948 Einweihung Sportplatz \u201eAuf dem Talanger\u201c am 05.September<br>1949 Aufl\u00f6sung der Spielgemeinschaft mit Hebenshausen<br>1950 Willi Linne wird nach der R\u00fcckkehr aus der Gefangenschaft besonders begr\u00fc\u00dft und gleich zum 2. Vorsitzenden gew\u00e4hlt<br>1951 Gr\u00fcndung Leichtathletikabteilung<br>1953 Willi Linne &#8211; Vorsitzender<br>1955 Das 30 j\u00e4hrige Jubil\u00e4um wird nachgefeiert<br>&nbsp;<br><strong>Aufschwung 1956 bis 1970<\/strong><br>&nbsp;<br>1956 &nbsp;Bau Sporthaus von Mai bis August; Einweihung am 12. August<br>1957 1.Mannschaft Meister 48:8 Punkte; 138:27 Tore, Torwart und Trainer Johann Schustek<br>1961 Aufstieg in die 1. Kreisklasse<br>1966 Badeaufsicht im Freibad durch Mitglieder des Sportvereins. Erweiterung des Sporthauses und Einbau einer Umw\u00e4lzanlage f\u00fcr das Freibad.<br>1966 Pfingsten Fahnenweihe<br>1967 Gr\u00fcndung Gymnastik-Abteilung am 24. Februar, \u00dcbungsstunden im DGH<br>1967 Neugestaltung Sportplatz. Einweihung Waldstadion im August 1968.<br>&nbsp;<br><strong>Auf und Ab 1971 bis 1993<\/strong><br>&nbsp;<br>1973 Einweihung Gymnastikhalle zum 50-j\u00e4hrigen Stiftungsfest. Baubeginn war 1972.<br>1977 Fu\u00dfballm\u00e4dchen-Mannschaft, Trainer Dietmar Zeuner u. Lothar Schuldreich<br>1980 Lothar Schuldreich &#8211; Vorsitzender<br>1980 Besuch Bundespr\u00e4sident Karl Carstens auf dem Sportplatz<br>1981 25 Jahre Sporthaus mit \u201e Tag der offenen T\u00fcr\u201c<br>1982 Joachim Lingnau &#8211; Vorsitzender<br>1983 60-j\u00e4hriges Stiftungsfest zu Pfingsten<br>1985 Einweihung Tennisplatz im Juli. Beginn der Bauarbeiten 1982.<br>1987 Wilfried Stappen &#8211; Vorsitzender<br>1988 1. Mannschaft Meister 1. Kreisklasse \u2013 46:10 Pkt., 101:34 Tore, Trainer Kalle Gr\u00e4bel<br>09.11.1989 Grenz\u00f6ffnung<br>1991 Detlef Hanf &#8211; Vorsitzender<br>1991 Freundschaftsspiele und Hallenturniere mit Mannschaften der Vereinen aus benachbarten Eichsfeld. Kontakt mit gegenseitigem Besuch einer Mannschaft aus Arnstadt.<br>1991 Fertigstellung des Anbaues an Sporthaus<br>1993 70-j\u00e4hriges Vereinsjubil\u00e4um wird mit Sportwoche gefeiert<br>1994 Michael Nitschke \u2013 Vorsitzender (bis 2012)<br>&nbsp;<br><strong>Ver\u00e4nderungen 1995 bis 2008<\/strong><br>&nbsp;<br>1995 Spielgemeinschaft mit TSV Reckershausen als SG Reckershausen\/Reiffenhausen<br>1996 Ernst Herthum Ehrung f\u00fcr 50 Jahre Vorstandsarbeit<br>1998 75-j\u00e4hriges Vereinsjubil\u00e4um mit Sportwoche, Turnieren und Prominentenspiel<br>2003 80-j\u00e4hriges Vereinsjubil\u00e4um<br>2003 1. Schleierbach Volkstriathlon gemeinsam mit dem Radfahrerverein<br>2006 Der TSV \u00fcbernimmt die Verantwortung f\u00fcr das modernisierte Waldschwimmbad<br>2006 Fussballspielgemeinschaft mit der SG Niedernjesa<br>2008 Die Fussballabteilung existiert nicht mehr. Nach 85 Jahren wird kein Fussball mehr im TSV gespielt.<br>2008 Michaela Meyer (Hildebrandt) \u00fcbergibt \u00dcbungsleitung Gymnastik an Heike Hermeier<\/p>\n\n\n\n<p><br><strong>Neue Schwerpunkte 2009 bis \u2026.<\/strong><br>2010 Anschluss des Sporthauses und des Freibades an das Nahw\u00e4rmenetz des Bioenergiedorfes Reiffenhausen<br>2013 90-j\u00e4hriges Vereinsjubil\u00e4um<br>2013 Neues Vorstandsmodell, kein klassischer 1. Vorsitzender mehr, sondern Team mit Verantwortungsbereichen<br>2013 Freibad-Fest im August mit 10 Stunden Schwimmen (8167 Bahnen, 204,175 km)<br>2014 Beachvolleyball Turnier im Freibad<br>2016 10 Jahre Waldschwimmbad<br>2017 50 Jahre Gymnastik Abteilung<br>2020 B\u00fcrgerinnen- \/B\u00fcrgerpreis Gemeinde Friedland f\u00fcr Arbeitsgruppe Waldschwimmbad<br>2021 Corona &#8211; Online Sportangebote per Zoom f\u00fcr Zuhause<\/p>\n","protected":false},"excerpt":{"rendered":"<p>Chronik des Vereins Die fr\u00fchen Jahre 1923 bis 1938&nbsp;1923 Gr\u00fcndung des Vereins als \u201eJunggesellen-Sportverein\u201c; 01.11.1923 (nicht sicher, entnommen aus Satzungs\u00e4nderung 1987)1924 Aufnahme Fu\u00dfballspielbetrieb, Beitritt zum Fu\u00dfballverband1925 Erste Protokollaufzeichnungen, Albert Linne \u2013 Vorsitzender1928 Jedes Mitglied hatte 1 Mark zu zahlen, um einen Fu\u00dfball anzuschaffen1929 Satzungs\u00e4nderung \u2013 nunmehr Sportverein1931 Bildung einer Turnabteilung, Einweihung Behelfssportplatz \u201eAuf dem Heerberg\u201c1932 [&hellip;]<\/p>\n","protected":false},"author":2,"featured_media":0,"parent":44,"menu_order":3,"comment_status":"closed","ping_status":"closed","template":"","meta":{"_uag_custom_page_level_css":"","site-sidebar-layout":"default","site-content-layout":"","ast-site-content-layout":"default","site-content-style":"default","site-sidebar-style":"default","ast-global-header-display":"","ast-banner-title-visibility":"","ast-main-header-display":"","ast-hfb-above-header-display":"","ast-hfb-below-header-display":"","ast-hfb-mobile-header-display":"","site-post-title":"disabled","ast-breadcrumbs-content":"","ast-featured-img":"","footer-sml-layout":"","theme-transparent-header-meta":"","adv-header-id-meta":"","stick-header-meta":"","header-above-stick-meta":"","header-main-stick-meta":"","header-below-stick-meta":"","astra-migrate-meta-layouts":"set","ast-page-background-enabled":"default","ast-page-background-meta":{"desktop":{"background-color":"var(--ast-global-color-4)","background-image":"","background-repeat":"repeat","background-position":"center center","background-size":"auto","background-attachment":"scroll","background-type":"","background-media":"","overlay-type":"","overlay-color":"","overlay-opacity":"","overlay-gradient":""},"tablet":{"background-color":"","background-image":"","background-repeat":"repeat","background-position":"center center","background-size":"auto","background-attachment":"scroll","background-type":"","background-media":"","overlay-type":"","overlay-color":"","overlay-opacity":"","overlay-gradient":""},"mobile":{"background-color":"","background-image":"","background-repeat":"repeat","background-position":"center center","background-size":"auto","background-attachment":"scroll","background-type":"","background-media":"","overlay-type":"","overlay-color":"","overlay-opacity":"","overlay-gradient":""}},"ast-content-background-meta":{"desktop":{"background-color":"var(--ast-global-color-5)","background-image":"","background-repeat":"repeat","background-position":"center center","background-size":"auto","background-attachment":"scroll","background-type":"","background-media":"","overlay-type":"","overlay-color":"","overlay-opacity":"","overlay-gradient":""},"tablet":{"background-color":"var(--ast-global-color-5)","background-image":"","background-repeat":"repeat","background-position":"center center","background-size":"auto","background-attachment":"scroll","background-type":"","background-media":"","overlay-type":"","overlay-color":"","overlay-opacity":"","overlay-gradient":""},"mobile":{"background-color":"var(--ast-global-color-5)","background-image":"","background-repeat":"repeat","background-position":"center center","background-size":"auto","background-attachment":"scroll","background-type":"","background-media":"","overlay-type":"","overlay-color":"","overlay-opacity":"","overlay-gradient":""}},"footnotes":""},"class_list":["post-25","page","type-page","status-publish","hentry"],"uagb_featured_image_src":{"full":false,"thumbnail":false,"medium":false,"medium_large":false,"large":false,"1536x1536":false,"2048x2048":false},"uagb_author_info":{"display_name":"Bianca Volk","author_link":"https:\/\/tsv-reiffenhausen.de\/neu\/author\/tsv-reiffenhausen\/"},"uagb_comment_info":0,"uagb_excerpt":"Chronik des Vereins Die fr\u00fchen Jahre 1923 bis 1938&nbsp;1923 Gr\u00fcndung des Vereins als \u201eJunggesellen-Sportverein\u201c; 01.11.1923 (nicht sicher, entnommen aus Satzungs\u00e4nderung 1987)1924 Aufnahme Fu\u00dfballspielbetrieb, Beitritt zum Fu\u00dfballverband1925 Erste Protokollaufzeichnungen, Albert Linne \u2013 Vorsitzender1928 Jedes Mitglied hatte 1 Mark zu zahlen, um einen Fu\u00dfball anzuschaffen1929 Satzungs\u00e4nderung \u2013 nunmehr Sportverein1931 Bildung einer Turnabteilung, Einweihung Behelfssportplatz \u201eAuf dem Heerberg\u201c1932&hellip;","_links":{"self":[{"href":"https:\/\/tsv-reiffenhausen.de\/neu\/wp-json\/wp\/v2\/pages\/25","targetHints":{"allow":["GET"]}}],"collection":[{"href":"https:\/\/tsv-reiffenhausen.de\/neu\/wp-json\/wp\/v2\/pages"}],"about":[{"href":"https:\/\/tsv-reiffenhausen.de\/neu\/wp-json\/wp\/v2\/types\/page"}],"author":[{"embeddable":true,"href":"https:\/\/tsv-reiffenhausen.de\/neu\/wp-json\/wp\/v2\/users\/2"}],"replies":[{"embeddable":true,"href":"https:\/\/tsv-reiffenhausen.de\/neu\/wp-json\/wp\/v2\/comments?post=25"}],"version-history":[{"count":1,"href":"https:\/\/tsv-reiffenhausen.de\/neu\/wp-json\/wp\/v2\/pages\/25\/revisions"}],"predecessor-version":[{"id":3073,"href":"https:\/\/tsv-reiffenhausen.de\/neu\/wp-json\/wp\/v2\/pages\/25\/revisions\/3073"}],"up":[{"embeddable":true,"href":"https:\/\/tsv-reiffenhausen.de\/neu\/wp-json\/wp\/v2\/pages\/44"}],"wp:attachment":[{"href":"https:\/\/tsv-reiffenhausen.de\/neu\/wp-json\/wp\/v2\/media?parent=25"}],"curies":[{"name":"wp","href":"https:\/\/api.w.org\/{rel}","templated":true}]}}