{"id":3,"date":"2024-10-07T10:39:50","date_gmt":"2024-10-07T10:39:50","guid":{"rendered":"http:\/\/tsv-reiffenhausen.de\/?page_id=3"},"modified":"2025-05-24T16:10:18","modified_gmt":"2025-05-24T14:10:18","slug":"privacy-policy","status":"publish","type":"page","link":"https:\/\/tsv-reiffenhausen.de\/neu\/privacy-policy\/","title":{"rendered":"Datenschutzerkl\u00e4rung"},"content":{"rendered":"\n<h2 class=\"wp-block-heading\">Datenschutzerkl\u00e4rung<\/h2>\n\n\n\n<p>Anbieter und verantwortliche Stelle im Sinne des Datenschutzgesetzes ist der TSV Reiffenhausen e. V., Talstr. 23,<\/p>\n\n\n\n<p>37133 Friedland und wird im folgenden &#8218;Betreiber&#8216; genannt.<br><\/p>\n\n\n\n<p><strong>1. Datenschutz<\/strong><\/p>\n\n\n\n<p>Die Nutzung der Webseite ist in der Regel ohne Angabe personenbezogener Daten m\u00f6glich. Der Betreiber der Internetpr\u00e4sentation nimmt den Schutz Ihrer pers\u00f6nlichen Daten sehr ernst. Ihre personenbezogenen Daten werden vertraulich und entsprechend der gesetzlichen Datenschutzvorschriften sowie dieser Datenschutzerkl\u00e4rung behandelt.<\/p>\n\n\n\n<p>Soweit auf den Seiten personenbezogene Daten (wie z.B. Name, Anschrift oder E-Mail-Adressen) erhoben werden, erfolgt dies, soweit m\u00f6glich, stets auf freiwilliger Basis. Diese Daten werden ohne Ihre ausdr\u00fcckliche Zustimmung nicht an Dritte weitergegeben.<\/p>\n\n\n\n<p>Der Betreiber weist darauf hin, dass die Daten\u00fcbertragung im Internet (z.B. bei der Kommunikation per E-Mail) Sicherheitsl\u00fccken aufweisen kann. Ein l\u00fcckenloser Schutz der Daten vor dem Zugriff durch Dritte ist nicht m\u00f6glich.<br><\/p>\n\n\n\n<p><\/p>\n\n\n\n<p><strong>2. Server-Log-Files<\/strong><\/p>\n\n\n\n<p>Der Provider der Seiten erhebt und speichert automatisch Informationen in so genannten Server-Log Files, die Ihr Browser automatisch an uns \u00fcbermittelt. Es handelt sich in der Regel um:<\/p>\n\n\n\n<p>&nbsp;&nbsp;&nbsp; -Browsertyp\/ Browserversion<\/p>\n\n\n\n<p>&nbsp;&nbsp;&nbsp; -verwendetes Betriebssystem<\/p>\n\n\n\n<p>&nbsp;&nbsp;&nbsp; -Referrer URL<\/p>\n\n\n\n<p>&nbsp;&nbsp;&nbsp; -Hostname des zugreifenden Rechners<\/p>\n\n\n\n<p>&nbsp;&nbsp;&nbsp; -Uhrzeit der Serveranfrage<\/p>\n\n\n\n<p>Diese Daten sind nicht bestimmten Personen zuordenbar. Eine Zusammenf\u00fchrung dieser Daten mit anderen Datenquellen wird nicht vorgenommen. Der Betreiber beh\u00e4lt sich vor, diese Daten nachtr\u00e4glich zu pr\u00fcfen, wenn konkrete Anhaltspunkte f\u00fcr eine rechtswidrige Nutzung bekannt werden.<br><\/p>\n\n\n\n<p><strong>3. SSL- bzw. TLS-Verschl\u00fcsselung<\/strong><\/p>\n\n\n\n<p>Diese Seite nutzt aus Sicherheitsgr\u00fcnden und zum Schutz der \u00dcbertragung vertraulicher Inhalte, wie zum Beispiel Bestellungen oder Anfragen, die Sie an uns als Seitenbetreiber senden, eine SSL-bzw. TLS-Verschl\u00fcsselung. Eine verschl\u00fcsselte Verbindung erkennen Sie daran, dass die Adresszeile des Browsers von &#8222;https:\/\/&#8220; auf &#8222;https:\/\/&#8220; wechselt und an dem Schloss-Symbol in Ihrer Browserzeile.<\/p>\n\n\n\n<p>Wenn die SSL- bzw. TLS-Verschl\u00fcsselung aktiviert ist, k\u00f6nnen die Daten, die Sie an uns \u00fcbermitteln, nicht von Dritten mitgelesen werden.<br><\/p>\n\n\n\n<p><strong>4. Cookies<\/strong><\/p>\n\n\n\n<p>Die Internetseiten verwenden teilweise so genannte Cookies. Cookies werden eingesetzt, um den Internetauftritt attraktiv zu gestalten und die Nutzung bestimmter Funktionen zu erm\u00f6glichen. Cookies sind kleine Textdateien, die auf Ihrem Endger\u00e4t abgelegt werden. Cookies richten auf Ihrem Rechner keinen Schaden an und enthalten keine Viren.<\/p>\n\n\n\n<p>Die meisten der von uns verwendeten Cookies sind so genannte \u201eSession-Cookies\u201c. Sie werden nach Ende Ihres Besuchs automatisch gel\u00f6scht. Andere Cookies bleiben auf Ihrem Endger\u00e4t gespeichert, bis Sie diese l\u00f6schen. Diese Cookies erkennen Ihren n\u00e4chsten Besuch und erm\u00f6glicht Ihrem Browser, das Angebot schneller bereit zu stellen.<\/p>\n\n\n\n<p>Sie k\u00f6nnen Ihren Browser so einstellen, dass Sie \u00fcber das Setzen von Cookies informiert werden und Cookies nur im Einzelfall erlauben, die Annahme von Cookies f\u00fcr bestimmte F\u00e4lle oder generell ausschlie\u00dfen oder das automatische L\u00f6schen der Cookies beim Schlie\u00dfen des Browsers aktivieren. Bei der Deaktivierung von Cookies kann die Funktionalit\u00e4t dieses Internetauftritts eingeschr\u00e4nkt sein.<br><\/p>\n\n\n\n<p><strong>5. E-Mail<\/strong><\/p>\n\n\n\n<p>Wenn Sie dem Betreiber per E-Mail Anfragen zukommen lassen, werden Ihre Angaben aus dem Anfrageformular inklusive der von Ihnen dort angegebenen Kontaktdaten zwecks Bearbeitung der Anfrage und f\u00fcr den Fall von Anschlussfragen bei uns gespeichert. Diese Daten werden nicht weitergegeben.<br><\/p>\n\n\n\n<p><strong>6. Auskunft, L\u00f6schung, Sperrung<\/strong><\/p>\n\n\n\n<p>Sie haben jederzeit das Recht auf unentgeltliche Auskunft \u00fcber Ihre gespeicherten personenbezogenen Daten, deren Herkunft und Empf\u00e4nger, den Zweck der Datenverarbeitung, sowie ein Recht auf Berichtigung, Sperrung oder L\u00f6schung dieser Daten. Hierzu sowie zu weiteren Fragen zum Thema personenbezogene Daten k\u00f6nnen Sie sich jederzeit unter der im Impressum angegebenen Adresse an den Betreiber wenden.<br><\/p>\n\n\n\n<p><strong>7. Weitere Informationen und Kontakte<\/strong><\/p>\n\n\n\n<p>Wenn Sie weitere Fragen zum Thema &#8222;Datenschutz bei dem Betreiber&#8220; haben, kontaktieren Sie uns bitte. Die Kontaktadresse finden Sie in dem Impressum. Sie k\u00f6nnen jederzeit erfragen, ob und welche Ihrer Daten bei uns gespeichert sind. Dar\u00fcber hinaus k\u00f6nnen Sie uns Ausk\u00fcnfte, Sperrungs-, L\u00f6schungs- und Berichtigungsw\u00fcnsche hinsichtlich Ihrer personenbezogenen Daten, Widerrufe erteilter Einwilligungen, sowie gerne auch Anregungen per E-Mail oder Brief zusenden.<\/p>\n\n\n\n<p>Der Nutzung von im Rahmen der Impressumspflicht ver\u00f6ffentlichten Kontaktdaten durch Dritte zur \u00dcbersendung von nicht ausdr\u00fccklich angeforderter Werbung und Informationsmaterialien wird hiermit ausdr\u00fccklich widersprochen. Der Betreiber der Seite beh\u00e4lt sich ausdr\u00fccklich rechtliche Schritte im Falle der unverlangten Zusendung von Werbeinformationen, etwa durch Spam-Mails, vor.<\/p>\n\n\n\n<p style=\"margin-bottom:var(--wp--preset--spacing--40)\"><\/p>\n","protected":false},"excerpt":{"rendered":"<p>Datenschutzerkl\u00e4rung Anbieter und verantwortliche Stelle im Sinne des Datenschutzgesetzes ist der TSV Reiffenhausen e. V., Talstr. 23, 37133 Friedland und wird im folgenden &#8218;Betreiber&#8216; genannt. 1. Datenschutz Die Nutzung der Webseite ist in der Regel ohne Angabe personenbezogener Daten m\u00f6glich. Der Betreiber der Internetpr\u00e4sentation nimmt den Schutz Ihrer pers\u00f6nlichen Daten sehr ernst. Ihre personenbezogenen Daten [&hellip;]<\/p>\n","protected":false},"author":2,"featured_media":0,"parent":0,"menu_order":0,"comment_status":"closed","ping_status":"closed","template":"","meta":{"_uag_custom_page_level_css":"","site-sidebar-layout":"default","site-content-layout":"","ast-site-content-layout":"default","site-content-style":"default","site-sidebar-style":"default","ast-global-header-display":"","ast-banner-title-visibility":"","ast-main-header-display":"","ast-hfb-above-header-display":"","ast-hfb-below-header-display":"","ast-hfb-mobile-header-display":"","site-post-title":"disabled","ast-breadcrumbs-content":"","ast-featured-img":"","footer-sml-layout":"","theme-transparent-header-meta":"","adv-header-id-meta":"","stick-header-meta":"","header-above-stick-meta":"","header-main-stick-meta":"","header-below-stick-meta":"","astra-migrate-meta-layouts":"set","ast-page-background-enabled":"default","ast-page-background-meta":{"desktop":{"background-color":"var(--ast-global-color-4)","background-image":"","background-repeat":"repeat","background-position":"center center","background-size":"auto","background-attachment":"scroll","background-type":"","background-media":"","overlay-type":"","overlay-color":"","overlay-opacity":"","overlay-gradient":""},"tablet":{"background-color":"","background-image":"","background-repeat":"repeat","background-position":"center center","background-size":"auto","background-attachment":"scroll","background-type":"","background-media":"","overlay-type":"","overlay-color":"","overlay-opacity":"","overlay-gradient":""},"mobile":{"background-color":"","background-image":"","background-repeat":"repeat","background-position":"center center","background-size":"auto","background-attachment":"scroll","background-type":"","background-media":"","overlay-type":"","overlay-color":"","overlay-opacity":"","overlay-gradient":""}},"ast-content-background-meta":{"desktop":{"background-color":"var(--ast-global-color-5)","background-image":"","background-repeat":"repeat","background-position":"center center","background-size":"auto","background-attachment":"scroll","background-type":"","background-media":"","overlay-type":"","overlay-color":"","overlay-opacity":"","overlay-gradient":""},"tablet":{"background-color":"var(--ast-global-color-5)","background-image":"","background-repeat":"repeat","background-position":"center center","background-size":"auto","background-attachment":"scroll","background-type":"","background-media":"","overlay-type":"","overlay-color":"","overlay-opacity":"","overlay-gradient":""},"mobile":{"background-color":"var(--ast-global-color-5)","background-image":"","background-repeat":"repeat","background-position":"center center","background-size":"auto","background-attachment":"scroll","background-type":"","background-media":"","overlay-type":"","overlay-color":"","overlay-opacity":"","overlay-gradient":""}},"footnotes":""},"class_list":["post-3","page","type-page","status-publish","hentry"],"uagb_featured_image_src":{"full":false,"thumbnail":false,"medium":false,"medium_large":false,"large":false,"1536x1536":false,"2048x2048":false},"uagb_author_info":{"display_name":"Bianca Volk","author_link":"https:\/\/tsv-reiffenhausen.de\/neu\/author\/tsv-reiffenhausen\/"},"uagb_comment_info":0,"uagb_excerpt":"Datenschutzerkl\u00e4rung Anbieter und verantwortliche Stelle im Sinne des Datenschutzgesetzes ist der TSV Reiffenhausen e. V., Talstr. 23, 37133 Friedland und wird im folgenden &#8218;Betreiber&#8216; genannt. 1. Datenschutz Die Nutzung der Webseite ist in der Regel ohne Angabe personenbezogener Daten m\u00f6glich. Der Betreiber der Internetpr\u00e4sentation nimmt den Schutz Ihrer pers\u00f6nlichen Daten sehr ernst. Ihre personenbezogenen Daten&hellip;","_links":{"self":[{"href":"https:\/\/tsv-reiffenhausen.de\/neu\/wp-json\/wp\/v2\/pages\/3","targetHints":{"allow":["GET"]}}],"collection":[{"href":"https:\/\/tsv-reiffenhausen.de\/neu\/wp-json\/wp\/v2\/pages"}],"about":[{"href":"https:\/\/tsv-reiffenhausen.de\/neu\/wp-json\/wp\/v2\/types\/page"}],"author":[{"embeddable":true,"href":"https:\/\/tsv-reiffenhausen.de\/neu\/wp-json\/wp\/v2\/users\/2"}],"replies":[{"embeddable":true,"href":"https:\/\/tsv-reiffenhausen.de\/neu\/wp-json\/wp\/v2\/comments?post=3"}],"version-history":[{"count":4,"href":"https:\/\/tsv-reiffenhausen.de\/neu\/wp-json\/wp\/v2\/pages\/3\/revisions"}],"predecessor-version":[{"id":3033,"href":"https:\/\/tsv-reiffenhausen.de\/neu\/wp-json\/wp\/v2\/pages\/3\/revisions\/3033"}],"wp:attachment":[{"href":"https:\/\/tsv-reiffenhausen.de\/neu\/wp-json\/wp\/v2\/media?parent=3"}],"curies":[{"name":"wp","href":"https:\/\/api.w.org\/{rel}","templated":true}]}}