{"id":32,"date":"2024-10-08T11:46:55","date_gmt":"2024-10-08T11:46:55","guid":{"rendered":"https:\/\/tsv-reiffenhausen.de\/?page_id=32"},"modified":"2026-04-19T19:58:25","modified_gmt":"2026-04-19T17:58:25","slug":"vorstand","status":"publish","type":"page","link":"https:\/\/tsv-reiffenhausen.de\/neu\/verein\/vorstand\/","title":{"rendered":"Vorstand"},"content":{"rendered":"\n<h2 class=\"wp-block-heading\" style=\"padding-bottom:1rem\">Vorstand<\/h2>\n\n\n\n<p style=\"margin-top:0;margin-bottom:var(--wp--preset--spacing--60)\">Im Vorstand des TSV Reiffenhausen wird ab sofort ein Mitglied f\u00fcr das Ressort &#8222;Finanzen&#8220; gesucht. Wenn Du Dich mit Steuern, Finanzen etc. auskennst und Lust auf eine regelm\u00e4\u00dfige erf\u00fcllende, abwechslungsreiche Mitarbeit hast, dann melde Dich gerne unter info@tsv-reiffenhausen.de. Wir freuen uns \u00fcber das Interesse und stehen gerne f\u00fcr Fragen zur Verf\u00fcgung!<\/p>\n\n\n\n<h3 class=\"wp-block-heading\">Mitglieder des Vorstands<\/h3>\n\n\n\n<figure class=\"wp-block-table is-style-stripes\"><table><tbody><tr><td><strong>Ressort<\/strong><\/td><td><strong>Name<\/strong><\/td><td><strong>Kontakt<\/strong><\/td><\/tr><tr><td>Sport<\/td><td>Heike Hermeier<\/td><td>sport@tsv-reiffenhausen.de<\/td><\/tr><tr><td>Finanzen<\/td><td>vakant<\/td><td>kasse@tsv-reiffenhausen.de<\/td><\/tr><tr><td>Sportst\u00e4tten\/<br>Geb\u00e4ude<\/td><td>Ulrich Linne<\/td><td>info@tsv-reiffenhausen.de<\/td><\/tr><tr><td>Organisation<\/td><td>Kerstin Herbort<\/td><td>info@tsv-reiffenhausen.de<\/td><\/tr><tr><td>Sonstige Aufgaben<\/td><td>Christiane R\u00fcppel<\/td><td>info@tsv-reiffenhausen.de<\/td><\/tr><\/tbody><\/table><\/figure>\n\n\n\n<h3 class=\"wp-block-heading\">Mitglieder des erweiterten Vorstands<\/h3>\n\n\n\n<figure class=\"wp-block-table is-style-stripes\"><table><tbody><tr><td><strong>Ressort<\/strong><\/td><td><strong>Name<\/strong><\/td><td><strong>Kontakt<\/strong><\/td><\/tr><tr><td>Kassiererin<\/td><td>Diana Kn\u00f6rgen<\/td><td>kasse@tsv-reiffenhausen.de<\/td><\/tr><tr><td>Schriftf\u00fchrerin<\/td><td>Ilona Th\u00fcne<\/td><td>info@tsv-reiffenhausen.de<\/td><\/tr><tr><td>Pressewartin<\/td><td>Bianca Volk<\/td><td>info@tsv-reiffenhausen.de<\/td><\/tr><tr><td>Weitere Abteilungsleiter:innen<br>im Sport<\/td><td><\/td><td><\/td><\/tr><\/tbody><\/table><\/figure>\n\n\n\n<p>S\u00e4mtliche Vorstandsmitglieder sind \u00fcber <a href=\"mailto:info@tsv-reiffenhausen.de\">info@tsv-reiffenhausen.de<\/a> erreichbar. Oder Du meldest Dich bei uns \u00fcber <a href=\"https:\/\/tsv-reiffenhausen.de\/neu\/kontakt\/\" data-type=\"page\" data-id=\"47\">Kontakt<\/a>.<\/p>\n\n\n\n<p><\/p>\n","protected":false},"excerpt":{"rendered":"<p>Vorstand Im Vorstand des TSV Reiffenhausen wird ab sofort ein Mitglied f\u00fcr das Ressort &#8222;Finanzen&#8220; gesucht. Wenn Du Dich mit Steuern, Finanzen etc. auskennst und Lust auf eine regelm\u00e4\u00dfige erf\u00fcllende, abwechslungsreiche Mitarbeit hast, dann melde Dich gerne unter info@tsv-reiffenhausen.de. Wir freuen uns \u00fcber das Interesse und stehen gerne f\u00fcr Fragen zur Verf\u00fcgung! Mitglieder des Vorstands [&hellip;]<\/p>\n","protected":false},"author":2,"featured_media":0,"parent":44,"menu_order":2,"comment_status":"closed","ping_status":"closed","template":"","meta":{"_uag_custom_page_level_css":"","site-sidebar-layout":"default","site-content-layout":"","ast-site-content-layout":"default","site-content-style":"default","site-sidebar-style":"default","ast-global-header-display":"","ast-banner-title-visibility":"","ast-main-header-display":"","ast-hfb-above-header-display":"","ast-hfb-below-header-display":"","ast-hfb-mobile-header-display":"","site-post-title":"disabled","ast-breadcrumbs-content":"","ast-featured-img":"","footer-sml-layout":"","theme-transparent-header-meta":"","adv-header-id-meta":"","stick-header-meta":"","header-above-stick-meta":"","header-main-stick-meta":"","header-below-stick-meta":"","astra-migrate-meta-layouts":"set","ast-page-background-enabled":"default","ast-page-background-meta":{"desktop":{"background-color":"var(--ast-global-color-4)","background-image":"","background-repeat":"repeat","background-position":"center center","background-size":"auto","background-attachment":"scroll","background-type":"","background-media":"","overlay-type":"","overlay-color":"","overlay-opacity":"","overlay-gradient":""},"tablet":{"background-color":"","background-image":"","background-repeat":"repeat","background-position":"center center","background-size":"auto","background-attachment":"scroll","background-type":"","background-media":"","overlay-type":"","overlay-color":"","overlay-opacity":"","overlay-gradient":""},"mobile":{"background-color":"","background-image":"","background-repeat":"repeat","background-position":"center center","background-size":"auto","background-attachment":"scroll","background-type":"","background-media":"","overlay-type":"","overlay-color":"","overlay-opacity":"","overlay-gradient":""}},"ast-content-background-meta":{"desktop":{"background-color":"var(--ast-global-color-5)","background-image":"","background-repeat":"repeat","background-position":"center center","background-size":"auto","background-attachment":"scroll","background-type":"","background-media":"","overlay-type":"","overlay-color":"","overlay-opacity":"","overlay-gradient":""},"tablet":{"background-color":"var(--ast-global-color-5)","background-image":"","background-repeat":"repeat","background-position":"center center","background-size":"auto","background-attachment":"scroll","background-type":"","background-media":"","overlay-type":"","overlay-color":"","overlay-opacity":"","overlay-gradient":""},"mobile":{"background-color":"var(--ast-global-color-5)","background-image":"","background-repeat":"repeat","background-position":"center center","background-size":"auto","background-attachment":"scroll","background-type":"","background-media":"","overlay-type":"","overlay-color":"","overlay-opacity":"","overlay-gradient":""}},"footnotes":""},"class_list":["post-32","page","type-page","status-publish","hentry"],"uagb_featured_image_src":{"full":false,"thumbnail":false,"medium":false,"medium_large":false,"large":false,"1536x1536":false,"2048x2048":false},"uagb_author_info":{"display_name":"Bianca Volk","author_link":"https:\/\/tsv-reiffenhausen.de\/neu\/author\/tsv-reiffenhausen\/"},"uagb_comment_info":0,"uagb_excerpt":"Vorstand Im Vorstand des TSV Reiffenhausen wird ab sofort ein Mitglied f\u00fcr das Ressort &#8222;Finanzen&#8220; gesucht. Wenn Du Dich mit Steuern, Finanzen etc. auskennst und Lust auf eine regelm\u00e4\u00dfige erf\u00fcllende, abwechslungsreiche Mitarbeit hast, dann melde Dich gerne unter info@tsv-reiffenhausen.de. Wir freuen uns \u00fcber das Interesse und stehen gerne f\u00fcr Fragen zur Verf\u00fcgung! Mitglieder des Vorstands&hellip;","_links":{"self":[{"href":"https:\/\/tsv-reiffenhausen.de\/neu\/wp-json\/wp\/v2\/pages\/32","targetHints":{"allow":["GET"]}}],"collection":[{"href":"https:\/\/tsv-reiffenhausen.de\/neu\/wp-json\/wp\/v2\/pages"}],"about":[{"href":"https:\/\/tsv-reiffenhausen.de\/neu\/wp-json\/wp\/v2\/types\/page"}],"author":[{"embeddable":true,"href":"https:\/\/tsv-reiffenhausen.de\/neu\/wp-json\/wp\/v2\/users\/2"}],"replies":[{"embeddable":true,"href":"https:\/\/tsv-reiffenhausen.de\/neu\/wp-json\/wp\/v2\/comments?post=32"}],"version-history":[{"count":5,"href":"https:\/\/tsv-reiffenhausen.de\/neu\/wp-json\/wp\/v2\/pages\/32\/revisions"}],"predecessor-version":[{"id":3718,"href":"https:\/\/tsv-reiffenhausen.de\/neu\/wp-json\/wp\/v2\/pages\/32\/revisions\/3718"}],"up":[{"embeddable":true,"href":"https:\/\/tsv-reiffenhausen.de\/neu\/wp-json\/wp\/v2\/pages\/44"}],"wp:attachment":[{"href":"https:\/\/tsv-reiffenhausen.de\/neu\/wp-json\/wp\/v2\/media?parent=32"}],"curies":[{"name":"wp","href":"https:\/\/api.w.org\/{rel}","templated":true}]}}