{"id":3642,"date":"2026-02-25T21:35:49","date_gmt":"2026-02-25T20:35:49","guid":{"rendered":"https:\/\/tsv-reiffenhausen.de\/neu\/?page_id=3642"},"modified":"2026-03-01T09:46:24","modified_gmt":"2026-03-01T08:46:24","slug":"anmeldung-schwimmkurse","status":"publish","type":"page","link":"https:\/\/tsv-reiffenhausen.de\/neu\/freibad\/anmeldung-schwimmkurse\/","title":{"rendered":"Anmeldung Schwimmkurse"},"content":{"rendered":"\n<h2 class=\"wp-block-heading\">Anmeldung Schwimmkurse<\/h2>\n\n\n<div class=\"wpforms-container wpforms-block wpforms-block-2d9973f5-b4c3-46cb-bdea-5341481adcd2 wpforms-render-modern\" id=\"wpforms-3644\"><form id=\"wpforms-form-3644\" class=\"wpforms-validate wpforms-form wpforms-ajax-form\" data-formid=\"3644\" method=\"post\" enctype=\"multipart\/form-data\" action=\"\/neu\/wp-json\/wp\/v2\/pages\/3642\" data-token=\"ed17474d1c76af24a8d684d22ca7a931\" data-token-time=\"1777719869\"><noscript class=\"wpforms-error-noscript\">Bitte aktiviere JavaScript in deinem Browser, um dieses Formular fertigzustellen.<\/noscript><div id=\"wpforms-error-noscript\" style=\"display: none;\">Bitte aktiviere JavaScript in deinem Browser, um dieses Formular fertigzustellen.<\/div><div class=\"wpforms-field-container\"><div id=\"wpforms-3644-field_5-container\" class=\"wpforms-field wpforms-field-select wpforms-field-select-style-classic\" data-field-id=\"5\"><label class=\"wpforms-field-label\" for=\"wpforms-3644-field_5\">Kurs <span class=\"wpforms-required-label\" aria-hidden=\"true\">*<\/span><\/label><select id=\"wpforms-3644-field_5\" class=\"wpforms-field-medium wpforms-field-required\" name=\"wpforms[fields][5]\" required=\"required\"><option value=\"\" class=\"placeholder\" disabled  selected='selected'>&#8212; Auswahl treffen &#8212;<\/option><option value=\"Seepferdchen (45\u20ac)\"  class=\"choice-1 depth-1\"  >Seepferdchen (45\u20ac)<\/option><option value=\"Bronze (45\u20ac)\"  class=\"choice-2 depth-1\"  >Bronze (45\u20ac)<\/option><option value=\"Silber (60\u20ac)\"  class=\"choice-3 depth-1\"  >Silber (60\u20ac)<\/option><option value=\"Gold (60\u20ac)\"  class=\"choice-4 depth-1\"  >Gold (60\u20ac)<\/option><option value=\"Rettungsschwimmer Junior (90\u20ac)\"  class=\"choice-5 depth-1\"  >Rettungsschwimmer Junior (90\u20ac)<\/option><option value=\"Rettungsschwimmer Bronze (90\u20ac)\"  class=\"choice-6 depth-1\"  >Rettungsschwimmer Bronze (90\u20ac)<\/option><option value=\"Rettungsschwimmer Silber (90\u20ac)\"  class=\"choice-7 depth-1\"  >Rettungsschwimmer Silber (90\u20ac)<\/option><option value=\"Technik &amp; Leistung (90\u20ac)\"  class=\"choice-8 depth-1\"  >Technik &amp; Leistung (90\u20ac)<\/option><option value=\"Aquafitness (45\u20ac)\"  class=\"choice-9 depth-1\"  >Aquafitness (45\u20ac)<\/option><option value=\"Kraullernkurs (90\u20ac)\"  class=\"choice-10 depth-1\"  >Kraullernkurs (90\u20ac)<\/option><\/select><\/div><div id=\"wpforms-3644-field_10-container\" class=\"wpforms-field wpforms-field-text\" data-field-id=\"10\"><label class=\"wpforms-field-label\" for=\"wpforms-3644-field_10\">Vorhandene Schwimmstufe<\/label><input type=\"text\" id=\"wpforms-3644-field_10\" class=\"wpforms-field-medium\" name=\"wpforms[fields][10]\" aria-errormessage=\"wpforms-3644-field_10-error\" aria-describedby=\"wpforms-3644-field_10-description\" ><div id=\"wpforms-3644-field_10-description\" class=\"wpforms-field-description\">(Bei Schwimmkursen bitte angeben)<\/div><\/div><div id=\"wpforms-3644-field_11-container\" class=\"wpforms-field wpforms-field-text\" data-field-id=\"11\"><label class=\"wpforms-field-label\" for=\"wpforms-3644-field_11\">Erste-Hilfe-Kurs (Wenn bereits vorhanden)<\/label><input type=\"text\" id=\"wpforms-3644-field_11\" class=\"wpforms-field-medium\" name=\"wpforms[fields][11]\" aria-errormessage=\"wpforms-3644-field_11-error\" aria-describedby=\"wpforms-3644-field_11-description\" ><div id=\"wpforms-3644-field_11-description\" class=\"wpforms-field-description\">(F\u00fcr Rettungsschwimmerkurse wird ein Erste Hilfe Kurs ben\u00f6tigt der nicht \u00e4lter als 2 Jahre sein darf. Dieser kann aber im Laufe des Kurses bei uns erworben werden. Dabei fallen zus\u00e4tzliche Kosten an!)<\/div><\/div>\t\t<div id=\"wpforms-3644-field_8-container\"\n\t\t\tclass=\"wpforms-field wpforms-field-text\"\n\t\t\tdata-field-type=\"text\"\n\t\t\tdata-field-id=\"8\"\n\t\t\t>\n\t\t\t<label class=\"wpforms-field-label\" for=\"wpforms-3644-field_8\" >Geburtsdatum bereits Erste-Hilfe-Kurs<\/label>\n\t\t\t<input type=\"text\" id=\"wpforms-3644-field_8\" class=\"wpforms-field-medium\" name=\"wpforms[fields][8]\" >\n\t\t<\/div>\n\t\t<div id=\"wpforms-3644-field_1-container\" class=\"wpforms-field wpforms-field-text\" data-field-id=\"1\"><label class=\"wpforms-field-label\" for=\"wpforms-3644-field_1\">Vorname <span class=\"wpforms-required-label\" aria-hidden=\"true\">*<\/span><\/label><input type=\"text\" id=\"wpforms-3644-field_1\" class=\"wpforms-field-medium wpforms-field-required\" name=\"wpforms[fields][1]\" placeholder=\"Suse\" aria-errormessage=\"wpforms-3644-field_1-error\" required><\/div><div id=\"wpforms-3644-field_2-container\" class=\"wpforms-field wpforms-field-text\" data-field-id=\"2\"><label class=\"wpforms-field-label\" for=\"wpforms-3644-field_2\">Nachname <span class=\"wpforms-required-label\" aria-hidden=\"true\">*<\/span><\/label><input type=\"text\" id=\"wpforms-3644-field_2\" class=\"wpforms-field-medium wpforms-field-required\" name=\"wpforms[fields][2]\" placeholder=\"Schwimmer\" aria-errormessage=\"wpforms-3644-field_2-error\" required><\/div><div id=\"wpforms-3644-field_6-container\" class=\"wpforms-field wpforms-field-text\" data-field-id=\"6\"><label class=\"wpforms-field-label\" for=\"wpforms-3644-field_6\">Geburtsdatum <span class=\"wpforms-required-label\" aria-hidden=\"true\">*<\/span><\/label><input type=\"text\" id=\"wpforms-3644-field_6\" class=\"wpforms-field-medium wpforms-field-required\" name=\"wpforms[fields][6]\" aria-errormessage=\"wpforms-3644-field_6-error\" required><\/div><div id=\"wpforms-3644-field_7-container\" class=\"wpforms-field wpforms-field-text\" data-field-id=\"7\"><label class=\"wpforms-field-label\" for=\"wpforms-3644-field_7\">Adresse <span class=\"wpforms-required-label\" aria-hidden=\"true\">*<\/span><\/label><input type=\"text\" id=\"wpforms-3644-field_7\" class=\"wpforms-field-medium wpforms-field-required\" name=\"wpforms[fields][7]\" aria-errormessage=\"wpforms-3644-field_7-error\" required><\/div><div id=\"wpforms-3644-field_9-container\" class=\"wpforms-field wpforms-field-text\" data-field-id=\"9\"><label class=\"wpforms-field-label\" for=\"wpforms-3644-field_9\">Telefonnummer <span class=\"wpforms-required-label\" aria-hidden=\"true\">*<\/span><\/label><input type=\"text\" id=\"wpforms-3644-field_9\" class=\"wpforms-field-medium wpforms-field-required\" name=\"wpforms[fields][9]\" aria-errormessage=\"wpforms-3644-field_9-error\" required><\/div><div id=\"wpforms-3644-field_3-container\" class=\"wpforms-field wpforms-field-email\" data-field-id=\"3\"><label class=\"wpforms-field-label\" for=\"wpforms-3644-field_3\">E-Mail <span class=\"wpforms-required-label\" aria-hidden=\"true\">*<\/span><\/label><input type=\"email\" id=\"wpforms-3644-field_3\" class=\"wpforms-field-medium wpforms-field-required\" name=\"wpforms[fields][3]\" placeholder=\"schwimmer@mail.de\" spellcheck=\"false\" aria-errormessage=\"wpforms-3644-field_3-error\" required><\/div><div id=\"wpforms-3644-field_4-container\" class=\"wpforms-field wpforms-field-textarea\" data-field-id=\"4\"><label class=\"wpforms-field-label\" for=\"wpforms-3644-field_4\">Anmerkungen \/ Fragen<\/label><textarea id=\"wpforms-3644-field_4\" class=\"wpforms-field-medium\" name=\"wpforms[fields][4]\" placeholder=\"Hier ist Platz f\u00fcr deine Nachricht\" aria-errormessage=\"wpforms-3644-field_4-error\" ><\/textarea><\/div><script>\n\t\t\t\t( function() {\n\t\t\t\t\tconst style = document.createElement( 'style' );\n\t\t\t\t\tstyle.appendChild( document.createTextNode( '#wpforms-3644-field_8-container { position: absolute !important; overflow: hidden !important; display: inline !important; height: 1px !important; width: 1px !important; z-index: -1000 !important; padding: 0 !important; } #wpforms-3644-field_8-container input { visibility: hidden; } #wpforms-conversational-form-page #wpforms-3644-field_8-container label { counter-increment: none; }' ) );\n\t\t\t\t\tdocument.head.appendChild( style );\n\t\t\t\t\tdocument.currentScript?.remove();\n\t\t\t\t} )();\n\t\t\t<\/script><\/div><!-- .wpforms-field-container --><div class=\"wpforms-submit-container\" ><input type=\"hidden\" name=\"wpforms[id]\" value=\"3644\"><input type=\"hidden\" name=\"page_title\" value=\"\"><input type=\"hidden\" name=\"page_url\" value=\"https:\/\/tsv-reiffenhausen.de\/neu\/wp-json\/wp\/v2\/pages\/3642\"><input type=\"hidden\" name=\"url_referer\" value=\"\"><button type=\"submit\" name=\"wpforms[submit]\" id=\"wpforms-submit-3644\" class=\"wpforms-submit\" data-alt-text=\"Wird gesendet\u00a0\u2026\" data-submit-text=\"Absenden\" aria-live=\"assertive\" value=\"wpforms-submit\">Absenden<\/button><img loading=\"lazy\" decoding=\"async\" src=\"https:\/\/tsv-reiffenhausen.de\/neu\/wp-content\/plugins\/wpforms-lite\/assets\/images\/submit-spin.svg\" class=\"wpforms-submit-spinner\" style=\"display: none;\" width=\"26\" height=\"26\" alt=\"Wird geladen\"><\/div><\/form><\/div>  <!-- .wpforms-container -->","protected":false},"excerpt":{"rendered":"<p>Anmeldung Schwimmkurse<\/p>\n","protected":false},"author":8,"featured_media":0,"parent":46,"menu_order":0,"comment_status":"closed","ping_status":"closed","template":"","meta":{"_uag_custom_page_level_css":"","site-sidebar-layout":"default","site-content-layout":"","ast-site-content-layout":"default","site-content-style":"default","site-sidebar-style":"default","ast-global-header-display":"","ast-banner-title-visibility":"","ast-main-header-display":"","ast-hfb-above-header-display":"","ast-hfb-below-header-display":"","ast-hfb-mobile-header-display":"","site-post-title":"","ast-breadcrumbs-content":"","ast-featured-img":"","footer-sml-layout":"","theme-transparent-header-meta":"","adv-header-id-meta":"","stick-header-meta":"","header-above-stick-meta":"","header-main-stick-meta":"","header-below-stick-meta":"","astra-migrate-meta-layouts":"set","ast-page-background-enabled":"default","ast-page-background-meta":{"desktop":{"background-color":"var(--ast-global-color-4)","background-image":"","background-repeat":"repeat","background-position":"center center","background-size":"auto","background-attachment":"scroll","background-type":"","background-media":"","overlay-type":"","overlay-color":"","overlay-opacity":"","overlay-gradient":""},"tablet":{"background-color":"","background-image":"","background-repeat":"repeat","background-position":"center center","background-size":"auto","background-attachment":"scroll","background-type":"","background-media":"","overlay-type":"","overlay-color":"","overlay-opacity":"","overlay-gradient":""},"mobile":{"background-color":"","background-image":"","background-repeat":"repeat","background-position":"center center","background-size":"auto","background-attachment":"scroll","background-type":"","background-media":"","overlay-type":"","overlay-color":"","overlay-opacity":"","overlay-gradient":""}},"ast-content-background-meta":{"desktop":{"background-color":"var(--ast-global-color-5)","background-image":"","background-repeat":"repeat","background-position":"center center","background-size":"auto","background-attachment":"scroll","background-type":"","background-media":"","overlay-type":"","overlay-color":"","overlay-opacity":"","overlay-gradient":""},"tablet":{"background-color":"var(--ast-global-color-5)","background-image":"","background-repeat":"repeat","background-position":"center center","background-size":"auto","background-attachment":"scroll","background-type":"","background-media":"","overlay-type":"","overlay-color":"","overlay-opacity":"","overlay-gradient":""},"mobile":{"background-color":"var(--ast-global-color-5)","background-image":"","background-repeat":"repeat","background-position":"center center","background-size":"auto","background-attachment":"scroll","background-type":"","background-media":"","overlay-type":"","overlay-color":"","overlay-opacity":"","overlay-gradient":""}},"footnotes":""},"class_list":["post-3642","page","type-page","status-publish","hentry"],"uagb_featured_image_src":{"full":false,"thumbnail":false,"medium":false,"medium_large":false,"large":false,"1536x1536":false,"2048x2048":false},"uagb_author_info":{"display_name":"Frido","author_link":"https:\/\/tsv-reiffenhausen.de\/neu\/author\/frido\/"},"uagb_comment_info":0,"uagb_excerpt":"Anmeldung Schwimmkurse","_links":{"self":[{"href":"https:\/\/tsv-reiffenhausen.de\/neu\/wp-json\/wp\/v2\/pages\/3642","targetHints":{"allow":["GET"]}}],"collection":[{"href":"https:\/\/tsv-reiffenhausen.de\/neu\/wp-json\/wp\/v2\/pages"}],"about":[{"href":"https:\/\/tsv-reiffenhausen.de\/neu\/wp-json\/wp\/v2\/types\/page"}],"author":[{"embeddable":true,"href":"https:\/\/tsv-reiffenhausen.de\/neu\/wp-json\/wp\/v2\/users\/8"}],"replies":[{"embeddable":true,"href":"https:\/\/tsv-reiffenhausen.de\/neu\/wp-json\/wp\/v2\/comments?post=3642"}],"version-history":[{"count":3,"href":"https:\/\/tsv-reiffenhausen.de\/neu\/wp-json\/wp\/v2\/pages\/3642\/revisions"}],"predecessor-version":[{"id":3693,"href":"https:\/\/tsv-reiffenhausen.de\/neu\/wp-json\/wp\/v2\/pages\/3642\/revisions\/3693"}],"up":[{"embeddable":true,"href":"https:\/\/tsv-reiffenhausen.de\/neu\/wp-json\/wp\/v2\/pages\/46"}],"wp:attachment":[{"href":"https:\/\/tsv-reiffenhausen.de\/neu\/wp-json\/wp\/v2\/media?parent=3642"}],"curies":[{"name":"wp","href":"https:\/\/api.w.org\/{rel}","templated":true}]}}