{"id":38,"date":"2024-10-08T11:45:39","date_gmt":"2024-10-08T11:45:39","guid":{"rendered":"https:\/\/tsv-reiffenhausen.de\/?page_id=38"},"modified":"2025-12-31T19:30:50","modified_gmt":"2025-12-31T18:30:50","slug":"schleierbach-volkstriathlon","status":"publish","type":"page","link":"https:\/\/tsv-reiffenhausen.de\/neu\/sport\/schleierbach-volkstriathlon\/","title":{"rendered":"Schleierbach-Volkstriathlon"},"content":{"rendered":"\n<h1 class=\"wp-block-heading\">23. Schleierbach-Volkstriathlon<\/h1>\n\n\n\n<p style=\"margin-top:var(--wp--preset--spacing--40);margin-bottom:var(--wp--preset--spacing--40);padding-bottom:var(--wp--preset--spacing--20)\">Der 23. Schleierbach-Volkstriathlon findet am 20. Juni 2026 statt. Die vollst\u00e4ndige Ausschreibung steht <a href=\"https:\/\/tsv-reiffenhausen.de\/neu\/ausschreibung-lang\/\" data-type=\"page\" data-id=\"2439\">hier zum Download<\/a> bereit.<\/p>\n\n\n\n<div class=\"wp-block-uagb-buttons uagb-buttons__outer-wrap uagb-btn__default-btn uagb-btn-tablet__default-btn uagb-btn-mobile__default-btn uagb-block-a7971467\"><div class=\"uagb-buttons__wrap uagb-buttons-layout-wrap \">\n<div class=\"wp-block-uagb-buttons-child uagb-buttons__outer-wrap uagb-block-9dc43ebc wp-block-button\"><div class=\"uagb-button__wrapper\"><a class=\"uagb-buttons-repeater wp-block-button__link\" aria-label=\"\" href=\"https:\/\/tsv-reiffenhausen.de\/neu\/anmeldung\/anmeldung-triathlon-einzel\/\" rel=\"follow noopener\" target=\"_blank\" role=\"button\"><div class=\"uagb-button__link\">Anmeldung Einzel<\/div><\/a><\/div><\/div>\n<\/div><\/div>\n\n\n\n<div class=\"wp-block-uagb-buttons uagb-buttons__outer-wrap uagb-btn__default-btn uagb-btn-tablet__default-btn uagb-btn-mobile__default-btn uagb-block-aa50eea9\"><div class=\"uagb-buttons__wrap uagb-buttons-layout-wrap \">\n<div class=\"wp-block-uagb-buttons-child uagb-buttons__outer-wrap uagb-block-c7ffa2e2 wp-block-button\"><div class=\"uagb-button__wrapper\"><a class=\"uagb-buttons-repeater wp-block-button__link\" aria-label=\"\" href=\"https:\/\/tsv-reiffenhausen.de\/neu\/anmeldung\/anmeldung-triathlon-staffel\/\" rel=\"follow noopener\" target=\"_blank\" role=\"button\"><div class=\"uagb-button__link\">Anmeldung Staffel<\/div><\/a><\/div><\/div>\n<\/div><\/div>\n\n\n\n<p>Der Anmeldeschluss ist <strong>Montag, der 8. Juni 2026<\/strong>.<br>F\u00fcr Nachmeldungen am Veranstaltungstag wird eine Nachmeldegeb\u00fchr f\u00e4llig.<\/p>\n\n\n\n<p>Startberechtigt sind Sportlerinnen und Sportler ab Jahrgang 2018 und \u00e4lter.&nbsp;<\/p>\n\n\n\n<p>Start und Ziel ist das Waldschwimmbad Reiffenhausen. Die erste Startzeit ist voraussichtlich um 13.00 Uhr.<img loading=\"lazy\" decoding=\"async\" width=\"2\" height=\"2\" src=\"blob:https:\/\/tsv-reiffenhausen.de\/102c73f6-5a9a-4a5e-a22e-96f2b756dfd6\"><\/p>\n\n\n\n<p style=\"margin-top:var(--wp--preset--spacing--40);margin-bottom:var(--wp--preset--spacing--40);padding-bottom:var(--wp--preset--spacing--20)\">Die Veranstalter &#8211; der TSV Reiffenhausen gemeinsam mit dem Radfahrerverein MERKUR und der Freiwilligen Feuerwehr Reiffenhausen &#8211; freuen sich wie jedes Jahr \u00fcber viele gro\u00dfe und kleine Teilnehmer:innen!<\/p>\n\n\n\n<figure class=\"wp-block-image size-large is-resized\"><img loading=\"lazy\" decoding=\"async\" width=\"1024\" height=\"1024\" src=\"https:\/\/tsv-reiffenhausen.de\/neu\/wp-content\/uploads\/2025\/12\/2026_Schleierbach-Volkstriathlon-1024x1024.png\" alt=\"\" class=\"wp-image-3634\" style=\"width:1200px;height:auto\" srcset=\"https:\/\/tsv-reiffenhausen.de\/neu\/wp-content\/uploads\/2025\/12\/2026_Schleierbach-Volkstriathlon-1024x1024.png 1024w, https:\/\/tsv-reiffenhausen.de\/neu\/wp-content\/uploads\/2025\/12\/2026_Schleierbach-Volkstriathlon-300x300.png 300w, https:\/\/tsv-reiffenhausen.de\/neu\/wp-content\/uploads\/2025\/12\/2026_Schleierbach-Volkstriathlon-150x150.png 150w, https:\/\/tsv-reiffenhausen.de\/neu\/wp-content\/uploads\/2025\/12\/2026_Schleierbach-Volkstriathlon-768x768.png 768w, https:\/\/tsv-reiffenhausen.de\/neu\/wp-content\/uploads\/2025\/12\/2026_Schleierbach-Volkstriathlon.png 1200w\" sizes=\"auto, (max-width: 1024px) 100vw, 1024px\" \/><\/figure>\n\n\n\n<p style=\"margin-top:var(--wp--preset--spacing--40);margin-bottom:var(--wp--preset--spacing--40);padding-bottom:var(--wp--preset--spacing--20)\">F\u00fcr R\u00fcckfragen stehen wir gerne unter <a href=\"mailto:triathlon@tsv-reiffenhausen.de\">triathlon@tsv-reiffenhausen.de<\/a> oder via untenstehendem Kontaktformular zur Verf\u00fcgung.<\/p>\n\n\n\n<p><\/p>\n\n\n\n<header class=\"wp-block-uagb-advanced-heading uagb-block-fce5aded\"><h3 class=\"uagb-heading-text\">Kontakt zum Triathlon-Team<\/h3><\/header>\n\n\n<div class=\"wpforms-container wpforms-block wpforms-block-3f579736-8333-4369-9c46-36be2068964d wpforms-render-modern\" id=\"wpforms-3547\"><form id=\"wpforms-form-3547\" class=\"wpforms-validate wpforms-form wpforms-ajax-form\" data-formid=\"3547\" method=\"post\" enctype=\"multipart\/form-data\" action=\"\/neu\/wp-json\/wp\/v2\/pages\/38\" data-token=\"392ea58efb3afeb5fcef7b93dc2ce4a3\" data-token-time=\"1777373933\"><noscript class=\"wpforms-error-noscript\">Bitte aktiviere JavaScript in deinem Browser, um dieses Formular fertigzustellen.<\/noscript><div id=\"wpforms-error-noscript\" style=\"display: none;\">Bitte aktiviere JavaScript in deinem Browser, um dieses Formular fertigzustellen.<\/div><div class=\"wpforms-field-container\">\t\t<div id=\"wpforms-3547-field_5-container\"\n\t\t\tclass=\"wpforms-field wpforms-field-text\"\n\t\t\tdata-field-type=\"text\"\n\t\t\tdata-field-id=\"5\"\n\t\t\t>\n\t\t\t<label class=\"wpforms-field-label\" for=\"wpforms-3547-field_5\" >Vorname uns Nachname<\/label>\n\t\t\t<input type=\"text\" id=\"wpforms-3547-field_5\" class=\"wpforms-field-medium\" name=\"wpforms[fields][5]\" >\n\t\t<\/div>\n\t\t<div id=\"wpforms-3547-field_1-container\" class=\"wpforms-field wpforms-field-text\" data-field-id=\"1\"><label class=\"wpforms-field-label\" for=\"wpforms-3547-field_1\">Vorname <span class=\"wpforms-required-label\" aria-hidden=\"true\">*<\/span><\/label><input type=\"text\" id=\"wpforms-3547-field_1\" class=\"wpforms-field-medium wpforms-field-required\" name=\"wpforms[fields][1]\" placeholder=\"Lotta\" aria-errormessage=\"wpforms-3547-field_1-error\" required><\/div><div id=\"wpforms-3547-field_2-container\" class=\"wpforms-field wpforms-field-text\" data-field-id=\"2\"><label class=\"wpforms-field-label\" for=\"wpforms-3547-field_2\">Nachname <span class=\"wpforms-required-label\" aria-hidden=\"true\">*<\/span><\/label><input type=\"text\" id=\"wpforms-3547-field_2\" class=\"wpforms-field-medium wpforms-field-required\" name=\"wpforms[fields][2]\" placeholder=\"L\u00e4ufer\" aria-errormessage=\"wpforms-3547-field_2-error\" required><\/div><div id=\"wpforms-3547-field_3-container\" class=\"wpforms-field wpforms-field-email\" data-field-id=\"3\"><label class=\"wpforms-field-label\" for=\"wpforms-3547-field_3\">E-Mail <span class=\"wpforms-required-label\" aria-hidden=\"true\">*<\/span><\/label><input type=\"email\" id=\"wpforms-3547-field_3\" class=\"wpforms-field-medium wpforms-field-required\" name=\"wpforms[fields][3]\" placeholder=\"l\u00e4ufer@mail.de\" spellcheck=\"false\" aria-errormessage=\"wpforms-3547-field_3-error\" required><\/div><div id=\"wpforms-3547-field_4-container\" class=\"wpforms-field wpforms-field-textarea\" data-field-id=\"4\"><label class=\"wpforms-field-label\" for=\"wpforms-3547-field_4\">Deine Nachricht an uns <span class=\"wpforms-required-label\" aria-hidden=\"true\">*<\/span><\/label><textarea id=\"wpforms-3547-field_4\" class=\"wpforms-field-medium wpforms-field-required\" name=\"wpforms[fields][4]\" placeholder=\"Hier ist Platz f\u00fcr deine Nachricht\" aria-errormessage=\"wpforms-3547-field_4-error\" required><\/textarea><\/div><script>\n\t\t\t\t( function() {\n\t\t\t\t\tconst style = document.createElement( 'style' );\n\t\t\t\t\tstyle.appendChild( document.createTextNode( '#wpforms-3547-field_5-container { position: absolute !important; overflow: hidden !important; display: inline !important; height: 1px !important; width: 1px !important; z-index: -1000 !important; padding: 0 !important; } #wpforms-3547-field_5-container input { visibility: hidden; } #wpforms-conversational-form-page #wpforms-3547-field_5-container label { counter-increment: none; }' ) );\n\t\t\t\t\tdocument.head.appendChild( style );\n\t\t\t\t\tdocument.currentScript?.remove();\n\t\t\t\t} )();\n\t\t\t<\/script><\/div><!-- .wpforms-field-container --><div class=\"wpforms-submit-container\" ><input type=\"hidden\" name=\"wpforms[id]\" value=\"3547\"><input type=\"hidden\" name=\"page_title\" value=\"\"><input type=\"hidden\" name=\"page_url\" value=\"https:\/\/tsv-reiffenhausen.de\/neu\/wp-json\/wp\/v2\/pages\/38\"><input type=\"hidden\" name=\"url_referer\" value=\"\"><button type=\"submit\" name=\"wpforms[submit]\" id=\"wpforms-submit-3547\" class=\"wpforms-submit\" data-alt-text=\"Wird gesendet\u00a0\u2026\" data-submit-text=\"Absenden\" aria-live=\"assertive\" value=\"wpforms-submit\">Absenden<\/button><img loading=\"lazy\" decoding=\"async\" src=\"https:\/\/tsv-reiffenhausen.de\/neu\/wp-content\/plugins\/wpforms-lite\/assets\/images\/submit-spin.svg\" class=\"wpforms-submit-spinner\" style=\"display: none;\" width=\"26\" height=\"26\" alt=\"Wird geladen\"><\/div><\/form><\/div>  <!-- .wpforms-container -->\n\n\n<p><\/p>\n","protected":false},"excerpt":{"rendered":"<p>23. Schleierbach-Volkstriathlon Der 23. Schleierbach-Volkstriathlon findet am 20. Juni 2026 statt. Die vollst\u00e4ndige Ausschreibung steht hier zum Download bereit. Der Anmeldeschluss ist Montag, der 8. Juni 2026.F\u00fcr Nachmeldungen am Veranstaltungstag wird eine Nachmeldegeb\u00fchr f\u00e4llig. Startberechtigt sind Sportlerinnen und Sportler ab Jahrgang 2018 und \u00e4lter.&nbsp; Start und Ziel ist das Waldschwimmbad Reiffenhausen. Die erste Startzeit ist [&hellip;]<\/p>\n","protected":false},"author":2,"featured_media":0,"parent":45,"menu_order":2,"comment_status":"closed","ping_status":"closed","template":"","meta":{"_uag_custom_page_level_css":"","site-sidebar-layout":"default","site-content-layout":"","ast-site-content-layout":"default","site-content-style":"default","site-sidebar-style":"default","ast-global-header-display":"","ast-banner-title-visibility":"","ast-main-header-display":"","ast-hfb-above-header-display":"","ast-hfb-below-header-display":"","ast-hfb-mobile-header-display":"","site-post-title":"","ast-breadcrumbs-content":"","ast-featured-img":"","footer-sml-layout":"","theme-transparent-header-meta":"","adv-header-id-meta":"","stick-header-meta":"","header-above-stick-meta":"","header-main-stick-meta":"","header-below-stick-meta":"","astra-migrate-meta-layouts":"set","ast-page-background-enabled":"default","ast-page-background-meta":{"desktop":{"background-color":"var(--ast-global-color-4)","background-image":"","background-repeat":"repeat","background-position":"center center","background-size":"auto","background-attachment":"scroll","background-type":"","background-media":"","overlay-type":"","overlay-color":"","overlay-opacity":"","overlay-gradient":""},"tablet":{"background-color":"","background-image":"","background-repeat":"repeat","background-position":"center center","background-size":"auto","background-attachment":"scroll","background-type":"","background-media":"","overlay-type":"","overlay-color":"","overlay-opacity":"","overlay-gradient":""},"mobile":{"background-color":"","background-image":"","background-repeat":"repeat","background-position":"center center","background-size":"auto","background-attachment":"scroll","background-type":"","background-media":"","overlay-type":"","overlay-color":"","overlay-opacity":"","overlay-gradient":""}},"ast-content-background-meta":{"desktop":{"background-color":"var(--ast-global-color-5)","background-image":"","background-repeat":"repeat","background-position":"center center","background-size":"auto","background-attachment":"scroll","background-type":"","background-media":"","overlay-type":"","overlay-color":"","overlay-opacity":"","overlay-gradient":""},"tablet":{"background-color":"var(--ast-global-color-5)","background-image":"","background-repeat":"repeat","background-position":"center center","background-size":"auto","background-attachment":"scroll","background-type":"","background-media":"","overlay-type":"","overlay-color":"","overlay-opacity":"","overlay-gradient":""},"mobile":{"background-color":"var(--ast-global-color-5)","background-image":"","background-repeat":"repeat","background-position":"center center","background-size":"auto","background-attachment":"scroll","background-type":"","background-media":"","overlay-type":"","overlay-color":"","overlay-opacity":"","overlay-gradient":""}},"footnotes":""},"class_list":["post-38","page","type-page","status-publish","hentry"],"uagb_featured_image_src":{"full":false,"thumbnail":false,"medium":false,"medium_large":false,"large":false,"1536x1536":false,"2048x2048":false},"uagb_author_info":{"display_name":"Bianca Volk","author_link":"https:\/\/tsv-reiffenhausen.de\/neu\/author\/tsv-reiffenhausen\/"},"uagb_comment_info":0,"uagb_excerpt":"23. Schleierbach-Volkstriathlon Der 23. Schleierbach-Volkstriathlon findet am 20. Juni 2026 statt. Die vollst\u00e4ndige Ausschreibung steht hier zum Download bereit. Der Anmeldeschluss ist Montag, der 8. Juni 2026.F\u00fcr Nachmeldungen am Veranstaltungstag wird eine Nachmeldegeb\u00fchr f\u00e4llig. Startberechtigt sind Sportlerinnen und Sportler ab Jahrgang 2018 und \u00e4lter.&nbsp; Start und Ziel ist das Waldschwimmbad Reiffenhausen. Die erste Startzeit ist&hellip;","_links":{"self":[{"href":"https:\/\/tsv-reiffenhausen.de\/neu\/wp-json\/wp\/v2\/pages\/38","targetHints":{"allow":["GET"]}}],"collection":[{"href":"https:\/\/tsv-reiffenhausen.de\/neu\/wp-json\/wp\/v2\/pages"}],"about":[{"href":"https:\/\/tsv-reiffenhausen.de\/neu\/wp-json\/wp\/v2\/types\/page"}],"author":[{"embeddable":true,"href":"https:\/\/tsv-reiffenhausen.de\/neu\/wp-json\/wp\/v2\/users\/2"}],"replies":[{"embeddable":true,"href":"https:\/\/tsv-reiffenhausen.de\/neu\/wp-json\/wp\/v2\/comments?post=38"}],"version-history":[{"count":24,"href":"https:\/\/tsv-reiffenhausen.de\/neu\/wp-json\/wp\/v2\/pages\/38\/revisions"}],"predecessor-version":[{"id":3636,"href":"https:\/\/tsv-reiffenhausen.de\/neu\/wp-json\/wp\/v2\/pages\/38\/revisions\/3636"}],"up":[{"embeddable":true,"href":"https:\/\/tsv-reiffenhausen.de\/neu\/wp-json\/wp\/v2\/pages\/45"}],"wp:attachment":[{"href":"https:\/\/tsv-reiffenhausen.de\/neu\/wp-json\/wp\/v2\/media?parent=38"}],"curies":[{"name":"wp","href":"https:\/\/api.w.org\/{rel}","templated":true}]}}