{"id":46,"date":"2024-10-07T12:46:00","date_gmt":"2024-10-07T12:46:00","guid":{"rendered":"https:\/\/tsv-reiffenhausen.de\/?page_id=46"},"modified":"2026-03-15T19:06:30","modified_gmt":"2026-03-15T18:06:30","slug":"freibad","status":"publish","type":"page","link":"https:\/\/tsv-reiffenhausen.de\/neu\/freibad\/","title":{"rendered":"Freibad"},"content":{"rendered":"\n<h2 class=\"wp-block-heading\">Waldschwimmbad Reiffenhausen<\/h2>\n\n\n\n<h3 class=\"wp-block-heading\">Arbeitseins\u00e4tze zur Saisonvorbereitung<\/h3>\n\n\n\n<p><strong>Wir bereiten die Saison vor und freuen uns \u00fcber Helferinnen und Helfer! Das sind die Termine:&nbsp;<\/strong><\/p>\n\n\n\n<p>21. Februar ab 9:30 Uhr: B\u00fcsche schneiden<\/p>\n\n\n\n<p>21. M\u00e4rz ab 9:30 Uhr: Pflege des Gel\u00e4ndes<\/p>\n\n\n\n<p>17. April ab 17:00 Uhr: Vorarbeiten Beckenreinigung<\/p>\n\n\n\n<p>18. April ab 9:00 Uhr: <strong>Beckenreinigung<\/strong> (mit W\u00fcrstchen vom Grill!)<\/p>\n\n\n\n<p>9. Mai ab 9:30 Uhr: Aufbau f\u00fcr die Saison<\/p>\n\n\n\n<p><\/p>\n\n\n\n<p>Fragen und Anregungen nimmt die Freibad AG unter <a href=\"mailto:freibad@tsv-reiffenhausen.de\">freibad@tsv-reiffenhausen.de<\/a> entgegen.<\/p>\n\n\n\n<p><strong>In der Freibad AG sind alle Interessierten, auch aus anderen Ortschaften, herzlich willkommen!<\/strong><\/p>\n\n\n\n<p>&nbsp;<\/p>\n\n\n\n<p><strong>Das Waldschwimmbad \u00f6ffnet am 15. Mai 2026.<\/strong>&nbsp;<\/p>\n\n\n\n<p><\/p>\n\n\n\n<hr class=\"wp-block-separator has-alpha-channel-opacity\"\/>\n\n\n\n<p style=\"padding-bottom:var(--wp--preset--spacing--60)\">Das Waldschwimmbad Reiffenhausen bietet neben einem beheizten Schwimmbecken mit 4 Bahnen \u00e0 25 Meter, einem Kleinkindbecken, einem Beachvolleyballplatz und einem Bouleplatz Getr\u00e4nke und Speisen an. Bitte achtet auf die Kiosk-\u00d6ffnungszeiten.<\/p>\n\n\n\n<div class=\"wp-block-uagb-container uagb-block-d91d83f9 alignfull uagb-is-root-container\"><div class=\"uagb-container-inner-blocks-wrap\">\n<div class=\"wp-block-uagb-container uagb-block-0dd6e0fb\">\n<div class=\"wp-block-uagb-info-box uagb-block-f77eff8a uagb-infobox__content-wrap  uagb-infobox-icon-above-title uagb-infobox-image-valign-top\"><div class=\"uagb-ifb-content\"><div class=\"uagb-ifb-icon-wrap\"><svg xmlns=\"https:\/\/www.w3.org\/2000\/svg\" viewBox=\"0 0 576 512\"><path d=\"M560 448H512V113.5c0-27.25-21.5-49.5-48-49.5L352 64.01V128h96V512h112c8.875 0 16-7.125 16-15.1v-31.1C576 455.1 568.9 448 560 448zM280.3 1.007l-192 49.75C73.1 54.51 64 67.76 64 82.88V448H16c-8.875 0-16 7.125-16 15.1v31.1C0 504.9 7.125 512 16 512H320V33.13C320 11.63 300.5-4.243 280.3 1.007zM232 288c-13.25 0-24-14.37-24-31.1c0-17.62 10.75-31.1 24-31.1S256 238.4 256 256C256 273.6 245.3 288 232 288z\"><\/path><\/svg><\/div><div class=\"uagb-ifb-title-wrap\"><h3 class=\"uagb-ifb-title\"><a href=\"https:\/\/tsv-reiffenhausen.de\/neu\/oeffnungszeiten-und-preise\/\">\u00d6ffnungszeiten und Preise<\/a><\/h3><\/div><div class=\"uagb-ifb-separator\"><\/div><p class=\"uagb-ifb-desc\">Hier stehen die jeweils aktuellen \u00d6ffnungszeiten und Eintrittspreise des Freibads<\/p><\/div><\/div>\n<\/div>\n\n\n\n<div class=\"wp-block-uagb-container uagb-block-e96af8f5\">\n<div class=\"wp-block-uagb-info-box uagb-block-4411ba8a uagb-infobox__content-wrap  uagb-infobox-icon-above-title uagb-infobox-image-valign-top\"><div class=\"uagb-ifb-content\"><div class=\"uagb-ifb-icon-wrap\"><svg xmlns=\"https:\/\/www.w3.org\/2000\/svg\" viewBox=\"0 0 576 512\"><path d=\"M192.4 320c63.38 0 54.09-39.67 95.33-40.02c42.54 .3672 31.81 40.02 95.91 40.02c39.27 0 55.72-18.41 62.21-24.83l-140.4-116.1c3.292-1.689 31.66-18.2 75.25-18.2c12.57 0 25.18 1.397 37.53 4.21l38.59 8.844c2.412 .5592 4.824 .8272 7.2 .8272c15.91 0 31.96-12.81 31.96-32.04c0-14.58-10.03-27.77-24.84-31.16l-38.59-8.844c-17.06-3.904-34.46-5.837-51.81-5.837c-120.1 0-177.4 85.87-178.1 88.02L179.1 213.3C158.1 241.3 147.4 273.8 145 307.7C157.5 315.4 174.3 320 192.4 320zM576 397c0-15.14-10.82-28.59-26.25-31.42c-48.52-8.888-45.5-29.48-69.6-29.48c-25.02 0-31.19 31.79-96.18 31.79c-48.59 0-72.72-22.06-73.38-22.62c-6.141-6.157-14.26-9.188-22.42-9.188c-24.75 0-31.59 31.81-96.2 31.81c-48.59 0-72.69-22.03-73.41-22.59c-6.125-6.157-14.3-9.245-22.46-9.245c-8.072 0-16.12 3.026-22.38 8.901c-29.01 26.25-73.75 12.54-73.75 52.08c0 16.08 12.77 32.07 31.71 32.07c9.77 0 39.65-7.34 64.26-21.84C115.5 418.8 147.4 431.1 192 431.1s76.5-13.12 96-24.66c19.53 11.53 51.47 24.59 96 24.59c44.59 0 76.56-13.09 96.06-24.62c24.71 14.57 54.74 21.83 64.24 21.83C563.2 429.1 576 413.3 576 397zM95.1 224c35.35 0 64-28.65 64-64c0-35.35-28.65-64-64-64s-64 28.65-64 64C31.1 195.3 60.65 224 95.1 224z\"><\/path><\/svg><\/div><div class=\"uagb-ifb-title-wrap\"><h3 class=\"uagb-ifb-title\"><a href=\"https:\/\/tsv-reiffenhausen.de\/neu\/schwimmkurse\/\">Schwimmkurse<\/a><\/h3><\/div><div class=\"uagb-ifb-separator\"><\/div><p class=\"uagb-ifb-desc\">Hier ver\u00f6ffentlicht das Schwimmbadteam die jeweils aktuellen Schwimmkurse<\/p><\/div><\/div>\n<\/div>\n\n\n\n<div class=\"wp-block-uagb-container uagb-block-2b71a9a3\">\n<div class=\"wp-block-uagb-info-box uagb-block-e96adfca uagb-infobox__content-wrap  uagb-infobox-icon-above-title uagb-infobox-image-valign-top\"><div class=\"uagb-ifb-content\"><div class=\"uagb-ifb-icon-wrap\"><svg xmlns=\"https:\/\/www.w3.org\/2000\/svg\" viewBox=\"0 0 496 512\"><path d=\"M248 8C111 8 0 119 0 256S111 504 248 504 496 392.1 496 256 384.1 8 248 8zM362.1 176.7c-3.732 39.22-19.88 134.4-28.1 178.3-3.476 18.58-10.32 24.82-16.95 25.42-14.4 1.326-25.34-9.517-39.29-18.66-21.83-14.31-34.16-23.22-55.35-37.18-24.49-16.14-8.612-25 5.342-39.5 3.652-3.793 67.11-61.51 68.33-66.75 .153-.655 .3-3.1-1.154-4.384s-3.59-.849-5.135-.5q-3.283 .746-104.6 69.14-14.85 10.19-26.89 9.934c-8.855-.191-25.89-5.006-38.55-9.123-15.53-5.048-27.88-7.717-26.8-16.29q.84-6.7 18.45-13.7 108.4-47.25 144.6-62.3c68.87-28.65 83.18-33.62 92.51-33.79 2.052-.034 6.639 .474 9.61 2.885a10.45 10.45 0 0 1 3.53 6.716A43.76 43.76 0 0 1 362.1 176.7z\"><\/path><\/svg><\/div><div class=\"uagb-ifb-title-wrap\"><h3 class=\"uagb-ifb-title\"><a href=\"https:\/\/tsv-reiffenhausen.de\/neu\/kontakt-2\/\">Freibadkontakt<\/a><\/h3><\/div><div class=\"uagb-ifb-separator\"><\/div><p class=\"uagb-ifb-desc\">Nehmt Kontakt mit uns auf!<\/p><\/div><\/div>\n<\/div>\n<\/div><\/div>\n\n\n\n<p><\/p>\n","protected":false},"excerpt":{"rendered":"<p>Waldschwimmbad Reiffenhausen Arbeitseins\u00e4tze zur Saisonvorbereitung Wir bereiten die Saison vor und freuen uns \u00fcber Helferinnen und Helfer! Das sind die Termine:&nbsp; 21. Februar ab 9:30 Uhr: B\u00fcsche schneiden 21. M\u00e4rz ab 9:30 Uhr: Pflege des Gel\u00e4ndes 17. April ab 17:00 Uhr: Vorarbeiten Beckenreinigung 18. April ab 9:00 Uhr: Beckenreinigung (mit W\u00fcrstchen vom Grill!) 9. Mai [&hellip;]<\/p>\n","protected":false},"author":2,"featured_media":0,"parent":0,"menu_order":0,"comment_status":"closed","ping_status":"closed","template":"","meta":{"_uag_custom_page_level_css":"","site-sidebar-layout":"default","site-content-layout":"","ast-site-content-layout":"default","site-content-style":"default","site-sidebar-style":"default","ast-global-header-display":"","ast-banner-title-visibility":"","ast-main-header-display":"","ast-hfb-above-header-display":"","ast-hfb-below-header-display":"","ast-hfb-mobile-header-display":"","site-post-title":"disabled","ast-breadcrumbs-content":"","ast-featured-img":"","footer-sml-layout":"","theme-transparent-header-meta":"","adv-header-id-meta":"","stick-header-meta":"","header-above-stick-meta":"","header-main-stick-meta":"","header-below-stick-meta":"","astra-migrate-meta-layouts":"set","ast-page-background-enabled":"default","ast-page-background-meta":{"desktop":{"background-color":"var(--ast-global-color-4)","background-image":"","background-repeat":"repeat","background-position":"center center","background-size":"auto","background-attachment":"scroll","background-type":"","background-media":"","overlay-type":"","overlay-color":"","overlay-opacity":"","overlay-gradient":""},"tablet":{"background-color":"","background-image":"","background-repeat":"repeat","background-position":"center center","background-size":"auto","background-attachment":"scroll","background-type":"","background-media":"","overlay-type":"","overlay-color":"","overlay-opacity":"","overlay-gradient":""},"mobile":{"background-color":"","background-image":"","background-repeat":"repeat","background-position":"center center","background-size":"auto","background-attachment":"scroll","background-type":"","background-media":"","overlay-type":"","overlay-color":"","overlay-opacity":"","overlay-gradient":""}},"ast-content-background-meta":{"desktop":{"background-color":"var(--ast-global-color-5)","background-image":"","background-repeat":"repeat","background-position":"center center","background-size":"auto","background-attachment":"scroll","background-type":"","background-media":"","overlay-type":"","overlay-color":"","overlay-opacity":"","overlay-gradient":""},"tablet":{"background-color":"var(--ast-global-color-5)","background-image":"","background-repeat":"repeat","background-position":"center center","background-size":"auto","background-attachment":"scroll","background-type":"","background-media":"","overlay-type":"","overlay-color":"","overlay-opacity":"","overlay-gradient":""},"mobile":{"background-color":"var(--ast-global-color-5)","background-image":"","background-repeat":"repeat","background-position":"center center","background-size":"auto","background-attachment":"scroll","background-type":"","background-media":"","overlay-type":"","overlay-color":"","overlay-opacity":"","overlay-gradient":""}},"footnotes":""},"class_list":["post-46","page","type-page","status-publish","hentry"],"uagb_featured_image_src":{"full":false,"thumbnail":false,"medium":false,"medium_large":false,"large":false,"1536x1536":false,"2048x2048":false},"uagb_author_info":{"display_name":"Bianca Volk","author_link":"https:\/\/tsv-reiffenhausen.de\/neu\/author\/tsv-reiffenhausen\/"},"uagb_comment_info":0,"uagb_excerpt":"Waldschwimmbad Reiffenhausen Arbeitseins\u00e4tze zur Saisonvorbereitung Wir bereiten die Saison vor und freuen uns \u00fcber Helferinnen und Helfer! Das sind die Termine:&nbsp; 21. Februar ab 9:30 Uhr: B\u00fcsche schneiden 21. M\u00e4rz ab 9:30 Uhr: Pflege des Gel\u00e4ndes 17. April ab 17:00 Uhr: Vorarbeiten Beckenreinigung 18. April ab 9:00 Uhr: Beckenreinigung (mit W\u00fcrstchen vom Grill!) 9. Mai&hellip;","_links":{"self":[{"href":"https:\/\/tsv-reiffenhausen.de\/neu\/wp-json\/wp\/v2\/pages\/46","targetHints":{"allow":["GET"]}}],"collection":[{"href":"https:\/\/tsv-reiffenhausen.de\/neu\/wp-json\/wp\/v2\/pages"}],"about":[{"href":"https:\/\/tsv-reiffenhausen.de\/neu\/wp-json\/wp\/v2\/types\/page"}],"author":[{"embeddable":true,"href":"https:\/\/tsv-reiffenhausen.de\/neu\/wp-json\/wp\/v2\/users\/2"}],"replies":[{"embeddable":true,"href":"https:\/\/tsv-reiffenhausen.de\/neu\/wp-json\/wp\/v2\/comments?post=46"}],"version-history":[{"count":11,"href":"https:\/\/tsv-reiffenhausen.de\/neu\/wp-json\/wp\/v2\/pages\/46\/revisions"}],"predecessor-version":[{"id":3704,"href":"https:\/\/tsv-reiffenhausen.de\/neu\/wp-json\/wp\/v2\/pages\/46\/revisions\/3704"}],"wp:attachment":[{"href":"https:\/\/tsv-reiffenhausen.de\/neu\/wp-json\/wp\/v2\/media?parent=46"}],"curies":[{"name":"wp","href":"https:\/\/api.w.org\/{rel}","templated":true}]}}