{"id":83,"date":"2024-10-08T11:30:41","date_gmt":"2024-10-08T11:30:41","guid":{"rendered":"https:\/\/tsv-reiffenhausen.de\/?page_id=83"},"modified":"2025-05-24T16:11:43","modified_gmt":"2025-05-24T14:11:43","slug":"satzung","status":"publish","type":"page","link":"https:\/\/tsv-reiffenhausen.de\/neu\/verein\/satzung\/","title":{"rendered":"Satzung"},"content":{"rendered":"\n<h2 class=\"wp-block-heading\">Satzung des Turn- und Sportvereins Reiffenhausen e. V.<\/h2>\n\n\n\n<h3 class=\"wp-block-heading\">\u00a7 1\u00a0\u00a0 Name, Sitz, Gesch\u00e4ftsjahr<\/h3>\n\n\n\n<ol class=\"wp-block-list\">\n<li>Der Verein f\u00fchrt den Namen \u201eTurn- und Sportverein Reiffenhausen e. V.\u201c. Er hat seinen Sitz in 37133 Friedland, Ortsteil Reiffenhausen. Er ist im Vereinsregister des Amtsgerichts G\u00f6ttingen eingetragen.<\/li>\n\n\n\n<li>Das Gesch\u00e4ftsjahr ist das Kalenderjahr.<\/li>\n\n\n\n<li>Die Vereinsfarben sind schwarz-wei\u00df.<\/li>\n<\/ol>\n\n\n\n<h3 class=\"wp-block-heading\">\u00a7 2&nbsp;&nbsp; Zweck, Aufgaben und Grunds\u00e4tze<\/h3>\n\n\n\n<ol class=\"wp-block-list\">\n<li>Zweck des Vereins ist die Pflege, F\u00f6rderung und Aus\u00fcbung des Sports. Der Satzungszweck wird insbesondere verwirklicht durch die F\u00f6rderung sportlicher \u00dcbungen und Leistungen.<\/li>\n\n\n\n<li>Der Verein ist politisch, ethnisch und konfessionell neutral.<\/li>\n<\/ol>\n\n\n\n<h3 class=\"wp-block-heading\">\u00a7 3&nbsp;&nbsp; Gemeinn\u00fctzigkeit<\/h3>\n\n\n\n<ol class=\"wp-block-list\">\n<li>Der Verein verfolgt ausschlie\u00dflich und unmittelbar gemeinn\u00fctzige Zwecke im Sinne des Abschnitts 2 \u201esteuerbeg\u00fcnstigte Zwecke\u201c der Abgabenordnung, und zwar durch die F\u00f6rderung der Allgemeinheit auf dem Gebiet des Sports.<\/li>\n\n\n\n<li>Der Verein ist selbstlos t\u00e4tig; er verfolgt nicht in erster Linie eigenwirtschaftliche Zwecke.<\/li>\n\n\n\n<li>Die Mittel des Vereins d\u00fcrfen nur f\u00fcr die satzungsm\u00e4\u00dfigen Zwecke verwendet werden. Die Mitglieder erhalten keine Zuwendungen aus den Mitteln des Vereins. Es darf keine Person durch Ausgaben, die dem Zweck des Vereins fremd sind oder durch unverh\u00e4ltnism\u00e4\u00dfig hohe Verg\u00fctungen beg\u00fcnstigt werden.<\/li>\n<\/ol>\n\n\n\n<h3 class=\"wp-block-heading\">\u00a7 4&nbsp;&nbsp; Mitgliedschaft<\/h3>\n\n\n\n<p>Der Verein besteht aus ordentlichen Mitgliedern, jugendlichen Mitgliedern und Ehrenmitgliedern.<\/p>\n\n\n\n<p><\/p>\n\n\n\n<p>Als ordentliche Mitglieder gelten Erwachsene, die das 18. Lebensjahr vollendet haben. Zur Vereinsjugend z\u00e4hlen die Mitglieder bis zum 18. Lebensjahr. Personen, die sich um die Sache des Sports oder um den Verein besonders verdient gemacht haben oder l\u00e4nger als 50 Jahre Mitglied sind, k\u00f6nnen auf Vorschlag des Vorstandes von der Mitgliederversammlung unter Zustimmung von zwei Dritteln der Mitglieder zu Ehrenmitgliedern ernannt werden. Die Ehrenmitglieder haben das Recht ordentlicher Mitglieder, sind aber von der Beitragspflicht befreit.<\/p>\n\n\n\n<p><\/p>\n\n\n\n<h3 class=\"wp-block-heading\">\u00a7 5&nbsp;&nbsp; Erwerb der Mitgliedschaft<\/h3>\n\n\n\n<p>Ordentliches Mitglied kann jede nat\u00fcrliche und juristische Person werden. \u00dcber den schriftlichen Aufnahmeantrag entscheidet der Vorstand. Der Aufnahmeantrag Minderj\u00e4hriger bedarf der Unterschriften der gesetzlichen Vertreter\/-innen. Gegen eine Ablehnung des Aufnahmeantrages durch den Vorstand, die keiner Begr\u00fcndung bedarf, kann die Antragstellerin\/der Antragsteller die Mitgliederversammlung anrufen. Diese entscheidet endg\u00fcltig.<\/p>\n\n\n\n<p><\/p>\n\n\n\n<h3 class=\"wp-block-heading\">\u00a7 6&nbsp;&nbsp; Beendigung der Mitgliedschaft<\/h3>\n\n\n\n<p>Die Mitgliedschaft erlischt durch Tod, freiwilligen Austritt und durch Ausschluss aus dem Verein. Verpflichtungen dem Verein gegen\u00fcber sind bis zum Ablauf des laufenden Kalenderhalbjahres zu erf\u00fcllen. Die Austrittserkl\u00e4rung ist schriftlich an den Verein zu richten.<\/p>\n\n\n\n<p>Der Austritt ist nur zum Schluss des Kalenderhalbjahres unter Einhaltung einer Frist von vier Wochen zul\u00e4ssig.<\/p>\n\n\n\n<p>Ein Mitglied kann nach vorheriger Anh\u00f6rung vom Vorstand aus dem Verein ausgeschlossen werden:<\/p>\n\n\n\n<ol class=\"wp-block-list\">\n<li>wegen Nichterf\u00fcllung satzungsgem\u00e4\u00dfer Verpflichtungen und Nichtbefolgung von Anordnungen der Vereinsleitung,<\/li>\n\n\n\n<li><span style=\"color: var(--ast-global-color-2); background-color: var(--ast-global-color-5); font-size: 1rem;\">wegen Nichtzahlung von Jahresbeitr\u00e4gen trotz zweimaliger Aufforderung<\/span><\/li>\n\n\n\n<li>wegen eines schweren Versto\u00dfes gegen die Interessen des Vereins und groben unsportlichen Verhaltens.<\/li>\n<\/ol>\n\n\n\n<p>\u00dcber den Ausschluss entscheidet der Vorstand. Vor der Entscheidung hat er dem Mitglied Gelegenheit zu geben, sich m\u00fcndlich oder schriftlich zu \u00e4u\u00dfern; hierzu ist das Mitglied unter Einhaltung einer Mindestfrist von zehn Tagen schriftlich aufzufordern. Die Entscheidung \u00fcber den Ausschluss ist schriftlich zu begr\u00fcnden und dem Mitglied durch eingeschriebenen Brief zuzustellen. Gegen die Entscheidung ist die Berufung an die Mitgliederversammlung zul\u00e4ssig; sie muss schriftlich und binnen drei Wochen nach Absendung der Entscheidung erfolgen. Die Mitgliederversammlung entscheidet endg\u00fcltig.<\/p>\n\n\n\n<p><\/p>\n\n\n\n<h3 class=\"wp-block-heading\">\u00a7 7&nbsp;&nbsp; Mitgliedsbeitr\u00e4ge<\/h3>\n\n\n\n<ol class=\"wp-block-list\">\n<li>Von den Mitgliedern werden Beitr\u00e4ge erhoben. Die H\u00f6he des Jahresbeitrages und dessen F\u00e4lligkeit werden von der Mitgliederversammlung mit einfacher Stimmenmehrheit bestimmt.<\/li>\n\n\n\n<li>F\u00fcr Investitionen oder Projekte k\u00f6nnen au\u00dferordentliche Mitgliederbeitr\u00e4ge erhoben werden. Die Mitgliederversammlung beschlie\u00dft dies mit einfacher Mehrheit.<\/li>\n\n\n\n<li>Ehrenmitglieder sind von der Beitragspflicht befreit.<\/li>\n<\/ol>\n\n\n\n<h3 class=\"wp-block-heading\">\u00a7 8&nbsp;&nbsp; Rechte und Pflichten<\/h3>\n\n\n\n<ol class=\"wp-block-list\">\n<li>Mitglieder sind berechtigt, im Rahmen des Vereinszweckes an den Veranstaltungen des Vereins teilzunehmen.<\/li>\n\n\n\n<li>Jedes Mitglied ist verpflichtet, sich nach der Satzung und den weiteren Ordnungen des Vereins zu verhalten. Alle Mitglieder sind zu gegenseitiger R\u00fccksichtnahme und zur Einhaltung gemeinsamer Wertvorstellungen verpflichtet.<\/li>\n\n\n\n<li>Die Mitglieder sind zur Entrichtung von Beitr\u00e4gen verpflichtet. Die H\u00f6he des Beitrages sowie dessen F\u00e4lligkeit werden von der Mitgliederversammlung bestimmt.<\/li>\n\n\n\n<li>Den Mitgliedern stehen die Anlagen und Ger\u00e4te des Vereins zur Benutzung zur Verf\u00fcgung. Jedes Mitglied kann in allen Abteilungen des Vereins Sport betreiben. Den Anordnungen der \u00dcbungsleiter ist Folge zu leisten.<\/li>\n<\/ol>\n\n\n\n<h3 class=\"wp-block-heading\">\u00a7 9&nbsp;&nbsp; Organe<\/h3>\n\n\n\n<p>Die Organe des Vereins sind<\/p>\n\n\n\n<ul class=\"wp-block-list\">\n<li>der Vorstand<\/li>\n\n\n\n<li><span style=\"color: var(--ast-global-color-2); background-color: var(--ast-global-color-5); font-size: 1rem;\">der erweiterte Vorstand<\/span><\/li>\n\n\n\n<li>die Mitgliederversammlung.<\/li>\n<\/ul>\n\n\n\n<h3 class=\"wp-block-heading\">\u00a7 10&nbsp;&nbsp; Vorstand im Sinne des \u00a726 BGB<\/h3>\n\n\n\n<ol class=\"wp-block-list\">\n<li>Der Vorstand besteht aus den gleichberechtigen Mitgliedern f\u00fcr die Bereiche:<br>Sport<br>Finanzen<br>Sportst\u00e4tten\/Geb\u00e4ude<br>Organisation<br>Zus\u00e4tzlich kann ein weiteres Mitglied f\u00fcr sonstige Aufgaben gew\u00e4hlt werden.<\/li>\n\n\n\n<li>Je zwei Vorstandsmitglieder vertreten den Verein gemeinsam.<\/li>\n\n\n\n<li>Der Vorstand f\u00fchrt die Gesch\u00e4fte des Vereins nach Ma\u00dfgabe der Satzung und der Beschl\u00fcsse der Mitgliederversammlung. Der Vorstand ordnet und \u00fcberwacht die T\u00e4tigkeit der Abteilungen; er ist berechtigt, f\u00fcr bestimmte Zwecke Aussch\u00fcsse einzusetzen. Der Vorstand kann verbindliche Ordnungen erlassen. \u00dcber seine T\u00e4tigkeit hat der Vorstand der Mitgliederversammlung zu berichten.<\/li>\n\n\n\n<li>Die Vorstandssitzung wird von einem Vorstandsmitglied geleitet. Der Vorstand fasst seine Beschl\u00fcsse mit einfacher Mehrheit. Die Beschl\u00fcsse des Vorstandes sind zu Beweiszwecken zu protokollieren und vom Sitzungsleiter zu unterschreiben. Ein Vorstandsbeschluss kann ggf. auf schriftlichem Wege oder fernm\u00fcndlich gefasst werden, wenn alle Vorstandsmitglieder ihre Zustimmung zu der zu beschlie\u00dfenden Regelung erkl\u00e4ren.<\/li>\n\n\n\n<li>Der Vorstand leitet den Verein ehrenamtlich.<\/li>\n<\/ol>\n\n\n\n<h3 class=\"wp-block-heading\">\u00a7 11&nbsp;&nbsp; Amtsdauer des Vorstands<\/h3>\n\n\n\n<p>Der Vorstand wird durch die Mitgliederversammlung f\u00fcr die Dauer von zwei Jahren gew\u00e4hlt. W\u00e4hlbar sind nur Mitglieder, die das 18. Lebensjahr vollendet haben. Sie bleiben solange im Amt bis ein Nachfolger gew\u00e4hlt ist. Wiederwahl und Blockwahl sind zul\u00e4ssig. Die Amtszeit aller Vorstandsmitglieder soll nicht zur selben Zeit ablaufen.<\/p>\n\n\n\n<p><\/p>\n\n\n\n<h3 class=\"wp-block-heading\">\u00a7 12 Erweiterter Vorstand<\/h3>\n\n\n\n<ol class=\"wp-block-list\">\n<li>Der erweiterte Vorstand besteht aus den Vorstandsmitgliedern gem. \u00a7 10, weiteren Mitgliedern sowie den Abteilungsleitern.<\/li>\n\n\n\n<li>Zum erweiterten Vorstand geh\u00f6ren der Kassierer, der Protokollf\u00fchrer und der Pressewart. Diese werden von der Mitgliederversammlung gew\u00e4hlt. Die Amtsdauer betr\u00e4gt auch hier zwei Jahre.<\/li>\n\n\n\n<li>Analog zu den Verantwortungsbereichen des Vorstandes gliedert sich der erweiterte Vorstand in die Arbeitsbereiche<br>&#8211; Sport<br>&#8211; <span style=\"color: var(--ast-global-color-2); background-color: var(--ast-global-color-5); font-size: 1rem;\">Finanze<\/span>n<br>&#8211; <span style=\"color: var(--ast-global-color-2); background-color: var(--ast-global-color-5); font-size: 1rem;\">Sportst\u00e4tten\/Geb\u00e4ude<\/span><br>&#8211; <span style=\"color: var(--ast-global-color-2); background-color: var(--ast-global-color-5); font-size: 1rem;\">Organisation<\/span><br>&#8211; Sonstige Aufgaben (wenn gew\u00e4hlt)<br>Innerhalb dieser Bereiche werden Aufgabenfelder festgelegt, die bei Bedarf ver\u00e4ndert oder erg\u00e4nzt werden k\u00f6nnen. Diese Aufgaben werden von weiteren Mitgliedern des erweiterten Vorstandes \u00fcbernommen, die vom Vorstand ernannt werden.<\/li>\n\n\n\n<li>Die Mitglieder des erweiterten Vorstandes sind ehrenamtlich t\u00e4tig.<\/li>\n<\/ol>\n\n\n\n<p><\/p>\n\n\n\n<h3 class=\"wp-block-heading\">\u00a7 13&nbsp;&nbsp; Mitgliederversammlung<\/h3>\n\n\n\n<ol class=\"wp-block-list\">\n<li>Oberstes Organ ist die Mitgliederversammlung.<\/li>\n\n\n\n<li>Die ordentliche Mitgliederversammlung findet einmal j\u00e4hrlich statt. Der Termin sollte im ersten Quartal sein.<\/li>\n\n\n\n<li>Eine au\u00dferordentliche Mitgliederversammlung findet statt, wenn das Interesse des Vereins es erfordert oder wenn \u00bc der Mitglieder es schriftlich unter Angabe der Gr\u00fcnde beim Vorstand beantragt.<\/li>\n<\/ol>\n\n\n\n<h3 class=\"wp-block-heading\">\u00a7 14&nbsp;&nbsp; Zust\u00e4ndigkeit der ordentlichen Mitgliederversammlung<\/h3>\n\n\n\n<p>Die ordentliche Mitgliederversammlung ist insbesondere zust\u00e4ndig f\u00fcr:<\/p>\n\n\n\n<ul class=\"wp-block-list\">\n<li>Entgegennahme der Berichte des Vorstandes<\/li>\n\n\n\n<li><span style=\"color: var(--ast-global-color-2); background-color: var(--ast-global-color-5); font-size: 1rem;\">Entgegennahme des Berichts der Kassenpr\u00fcfer<\/span><\/li>\n\n\n\n<li><span style=\"color: var(--ast-global-color-2); background-color: var(--ast-global-color-5); font-size: 1rem;\">Entlastung und Wahl des Vorstandes<\/span><\/li>\n\n\n\n<li><span style=\"color: var(--ast-global-color-2); background-color: var(--ast-global-color-5); font-size: 1rem;\">Wahl der Kassenpr\u00fcfer<\/span><\/li>\n\n\n\n<li><span style=\"color: var(--ast-global-color-2); background-color: var(--ast-global-color-5); font-size: 1rem;\">Festsetzung von Beitr\u00e4gen, Umlagen und deren F\u00e4lligkeit<\/span><\/li>\n\n\n\n<li><span style=\"color: var(--ast-global-color-2); background-color: var(--ast-global-color-5); font-size: 1rem;\">Information \u00fcber anstehende Investitionen, ggf. Genehmigung<\/span><\/li>\n\n\n\n<li><span style=\"color: var(--ast-global-color-2); background-color: var(--ast-global-color-5); font-size: 1rem;\">Ernennung von Ehrenmitgliedern<\/span><\/li>\n\n\n\n<li><span style=\"color: var(--ast-global-color-2); background-color: var(--ast-global-color-5); font-size: 1rem;\">Entscheidung \u00fcber die Einrichtung von Abteilungen und deren Leitung<\/span><\/li>\n\n\n\n<li><span style=\"color: var(--ast-global-color-2); background-color: var(--ast-global-color-5); font-size: 1rem;\">Beschlussfassung \u00fcber Antr\u00e4ge.<\/span><\/li>\n\n\n\n<li>Entscheidung \u00fcber den Ausschluss von Mitgliedern gem. \u00a76<\/li>\n<\/ul>\n\n\n\n<h3 class=\"wp-block-heading\">\u00a7 15&nbsp;&nbsp; Einberufung von Mitgliederversammlungen<\/h3>\n\n\n\n<ol class=\"wp-block-list\">\n<li>Die Einberufung der Mitgliederversammlung erfolgt durch den Vorstand unter Ver\u00f6ffentlichung in dem Vereinsaush\u00e4ngekasten. Zwischen dem Tage der Einladung und dem Termin der Versammlung muss eine Frist von mindestens zehn Tagen liegen. Aus wichtigem Grund kann man sie auf drei Tage verk\u00fcrzen.<\/li>\n\n\n\n<li>Antr\u00e4ge zur Mitgliederversammlung k\u00f6nnen vom Vorstand und von den Mitgliedern eingebracht werden. Sie m\u00fcssen zwei Tage vor der Versammlung dem Vorstand schriftlich mit Begr\u00fcndung vorliegen.<\/li>\n\n\n\n<li>\u00dcber die Antr\u00e4ge auf Erg\u00e4nzung der Tagesordnung, die erst in der Mitgliederversammlung gestellt werden, beschlie\u00dft die Mitgliederversammlung. Zur Annahme des Antrages ist eine Mehrheit von drei Viertel der abgegebenen g\u00fcltigen Stimmen erforderlich.<\/li>\n\n\n\n<li>Antr\u00e4ge auf Satzungs\u00e4nderungen m\u00fcssen unter Benennung des abzu\u00e4ndernden bzw. neu zu fassenden Paragraphen im genauen Wortlaut mit der Einladung zur Mitgliederversammlung mitgeteilt werden.<\/li>\n<\/ol>\n\n\n\n<h3 class=\"wp-block-heading\">\u00a7 16&nbsp;&nbsp; Ablauf und Beschlussfassung von Mitgliederversammlungen<\/h3>\n\n\n\n<ol class=\"wp-block-list\">\n<li>Die Mitgliederversammlung wird von einem Vorstandsmitglied geleitet.<\/li>\n\n\n\n<li>Die Mitgliederversammlung ist ohne R\u00fccksicht auf die Anzahl der erschienenen Mitglieder beschlussf\u00e4hig. Die Beschl\u00fcsse werden mit einfacher Mehrheit der anwesenden Mitglieder gefasst; bei Stimmengleichheit gibt die Stimme des\/der Versammlungsleiters\/in den Ausschlag. Stimmenthaltungen gelten als nicht abgegebene Stimmen. Schriftliche Abstimmungen erfolgen nur, wenn 1\/3 der anwesenden Mitglieder dies verlangt; bei Wahlen muss eine schriftliche Abstimmung erfolgen, wenn 1\/3 der anwesenden Mitglieder dies verlangt.<\/li>\n\n\n\n<li>Satzungs\u00e4nderungen k\u00f6nnen nur mit einer Mehrheit von 2\/3 der anwesenden stimmberechtigten Mitglieder beschlossen werden.<\/li>\n\n\n\n<li>\u00dcber die Beschl\u00fcsse der Mitgliederversammlung ist ein Protokoll aufzunehmen, das vom jeweiligen Versammlungsleiter und dem Protokollf\u00fchrer zu unterzeichnen ist.<br>Es soll folgende Feststellungen enthalten:<br>&#8211; Ort und Zeit der Versammlung<br>&#8211; <span style=\"color: var(--ast-global-color-2); background-color: var(--ast-global-color-5); font-size: 1rem;\">die Versammlungsleiterin\/den Versammlungsleiter<\/span><br>&#8211; <span style=\"color: var(--ast-global-color-2); background-color: var(--ast-global-color-5); font-size: 1rem;\">die Protokollf\u00fchrerin\/den Protokollf\u00fchrer<\/span><br>&#8211; <span style=\"color: var(--ast-global-color-2); background-color: var(--ast-global-color-5); font-size: 1rem;\">die Zahl der erschienenen Mitglieder<\/span><br>&#8211; <span style=\"color: var(--ast-global-color-2); background-color: var(--ast-global-color-5); font-size: 1rem;\">die Tagesordnun<\/span><br>&#8211; die einzelnen Abstimmungsergebnisse und die Art der Abstimmung.<br>Die Mitglieder haben jederzeit die M\u00f6glichkeit, das Protokoll beim Vorstand einzusehen.<\/li>\n\n\n\n<li>Bei Satzungs\u00e4nderungen ist die zu \u00e4ndernde Bestimmung anzugeben.<\/li>\n<\/ol>\n\n\n\n<h3 class=\"wp-block-heading\">\u00a7 17&nbsp;&nbsp; Stimmrecht und W\u00e4hlbarkeit<\/h3>\n\n\n\n<ol class=\"wp-block-list\">\n<li>Stimmrecht besitzen nur ordentliche Mitglieder und Ehrenmitglieder. Das Stimmrecht kann nur pers\u00f6nlich ausge\u00fcbt werden. Mitglieder, denen kein Stimmrecht zusteht, k\u00f6nnen an der Mitgliederversammlung als G\u00e4ste teilnehmen.<\/li>\n\n\n\n<li>Gew\u00e4hlt werden k\u00f6nnen alle ordentlichen Mitglieder, die das 18. Lebensjahr vollendet haben.<\/li>\n<\/ol>\n\n\n\n<h3 class=\"wp-block-heading\">\u00a7 18&nbsp;&nbsp; Kassenpr\u00fcfung<\/h3>\n\n\n\n<ol class=\"wp-block-list\">\n<li>Die Mitgliederversammlung w\u00e4hlt f\u00fcr die Dauer von zwei Jahren mindestens zwei Personen zur Kassenpr\u00fcfung. Diese d\u00fcrfen nicht Mitglied des Vorstandes oder eines von ihm eingesetzten Ausschusses sein. Wiederwahl ist nicht zul\u00e4ssig.<\/li>\n\n\n\n<li>Die Kassenpr\u00fcferinnen\/Kassenpr\u00fcfer haben die Kasse des Vereins einschlie\u00dflich der B\u00fccher und Belege mindestens einmal im Gesch\u00e4ftsjahr sachlich und rechnerisch zu pr\u00fcfen und dem Vorstand jeweils schriftlich Bericht zu erstatten. Die Kassenpr\u00fcferinnen\/Kassenpr\u00fcfer erstatten der Mitgliederversammlung einen Pr\u00fcfungsbericht und beantragen bei ordnungsgem\u00e4\u00dfer F\u00fchrung der Kassengesch\u00e4fte die Entlastung der Kassenwartin\/des Kassenwartes und der \u00fcbrigen Vorstandsmitglieder.<\/li>\n<\/ol>\n\n\n\n<h3 class=\"wp-block-heading\">\u00a7 19 Aufl\u00f6sung des Vereins<\/h3>\n\n\n\n<ol class=\"wp-block-list\">\n<li>Die Aufl\u00f6sung des Vereins kann nur in einer zu diesem Zweck einberufenen Mitgliederversammlung erfolgen.<\/li>\n\n\n\n<li>Zur Aufl\u00f6sung des Vereins ist eine Mehrheit von 2\/3 der erschienenen stimmberechtigten Mitglieder des Vereins erforderlich.<\/li>\n\n\n\n<li>Falls die Mitgliederversammlung nichts anderes beschlie\u00dft, sind zwei Vorstandsmitglieder gemeinsam vertretungsberechtigte Liquidatoren.<\/li>\n\n\n\n<li>Bei Aufl\u00f6sung oder Aufhebung des Vereins oder bei Wegfall steuerbeg\u00fcnstigter Zwecke f\u00e4llt das Verm\u00f6gen des Vereins an die Gemeinde Friedland, die es unmittelbar und ausschlie\u00dflich f\u00fcr gemeinn\u00fctzige, mildt\u00e4tige oder kirchliche Zwecke zu verwenden hat.<\/li>\n<\/ol>\n\n\n\n<p><\/p>\n\n\n\n<p><\/p>\n","protected":false},"excerpt":{"rendered":"<p>Satzung des Turn- und Sportvereins Reiffenhausen e. V. \u00a7 1\u00a0\u00a0 Name, Sitz, Gesch\u00e4ftsjahr \u00a7 2&nbsp;&nbsp; Zweck, Aufgaben und Grunds\u00e4tze \u00a7 3&nbsp;&nbsp; Gemeinn\u00fctzigkeit \u00a7 4&nbsp;&nbsp; Mitgliedschaft Der Verein besteht aus ordentlichen Mitgliedern, jugendlichen Mitgliedern und Ehrenmitgliedern. Als ordentliche Mitglieder gelten Erwachsene, die das 18. Lebensjahr vollendet haben. Zur Vereinsjugend z\u00e4hlen die Mitglieder bis zum 18. Lebensjahr. [&hellip;]<\/p>\n","protected":false},"author":2,"featured_media":0,"parent":44,"menu_order":4,"comment_status":"closed","ping_status":"closed","template":"","meta":{"_uag_custom_page_level_css":"","site-sidebar-layout":"default","site-content-layout":"","ast-site-content-layout":"default","site-content-style":"default","site-sidebar-style":"default","ast-global-header-display":"","ast-banner-title-visibility":"","ast-main-header-display":"","ast-hfb-above-header-display":"","ast-hfb-below-header-display":"","ast-hfb-mobile-header-display":"","site-post-title":"disabled","ast-breadcrumbs-content":"","ast-featured-img":"","footer-sml-layout":"","theme-transparent-header-meta":"","adv-header-id-meta":"","stick-header-meta":"","header-above-stick-meta":"","header-main-stick-meta":"","header-below-stick-meta":"","astra-migrate-meta-layouts":"set","ast-page-background-enabled":"default","ast-page-background-meta":{"desktop":{"background-color":"var(--ast-global-color-4)","background-image":"","background-repeat":"repeat","background-position":"center center","background-size":"auto","background-attachment":"scroll","background-type":"","background-media":"","overlay-type":"","overlay-color":"","overlay-opacity":"","overlay-gradient":""},"tablet":{"background-color":"","background-image":"","background-repeat":"repeat","background-position":"center center","background-size":"auto","background-attachment":"scroll","background-type":"","background-media":"","overlay-type":"","overlay-color":"","overlay-opacity":"","overlay-gradient":""},"mobile":{"background-color":"","background-image":"","background-repeat":"repeat","background-position":"center center","background-size":"auto","background-attachment":"scroll","background-type":"","background-media":"","overlay-type":"","overlay-color":"","overlay-opacity":"","overlay-gradient":""}},"ast-content-background-meta":{"desktop":{"background-color":"var(--ast-global-color-5)","background-image":"","background-repeat":"repeat","background-position":"center center","background-size":"auto","background-attachment":"scroll","background-type":"","background-media":"","overlay-type":"","overlay-color":"","overlay-opacity":"","overlay-gradient":""},"tablet":{"background-color":"var(--ast-global-color-5)","background-image":"","background-repeat":"repeat","background-position":"center center","background-size":"auto","background-attachment":"scroll","background-type":"","background-media":"","overlay-type":"","overlay-color":"","overlay-opacity":"","overlay-gradient":""},"mobile":{"background-color":"var(--ast-global-color-5)","background-image":"","background-repeat":"repeat","background-position":"center center","background-size":"auto","background-attachment":"scroll","background-type":"","background-media":"","overlay-type":"","overlay-color":"","overlay-opacity":"","overlay-gradient":""}},"footnotes":""},"class_list":["post-83","page","type-page","status-publish","hentry"],"uagb_featured_image_src":{"full":false,"thumbnail":false,"medium":false,"medium_large":false,"large":false,"1536x1536":false,"2048x2048":false},"uagb_author_info":{"display_name":"Bianca Volk","author_link":"https:\/\/tsv-reiffenhausen.de\/neu\/author\/tsv-reiffenhausen\/"},"uagb_comment_info":0,"uagb_excerpt":"Satzung des Turn- und Sportvereins Reiffenhausen e. V. \u00a7 1\u00a0\u00a0 Name, Sitz, Gesch\u00e4ftsjahr \u00a7 2&nbsp;&nbsp; Zweck, Aufgaben und Grunds\u00e4tze \u00a7 3&nbsp;&nbsp; Gemeinn\u00fctzigkeit \u00a7 4&nbsp;&nbsp; Mitgliedschaft Der Verein besteht aus ordentlichen Mitgliedern, jugendlichen Mitgliedern und Ehrenmitgliedern. Als ordentliche Mitglieder gelten Erwachsene, die das 18. Lebensjahr vollendet haben. Zur Vereinsjugend z\u00e4hlen die Mitglieder bis zum 18. Lebensjahr.&hellip;","_links":{"self":[{"href":"https:\/\/tsv-reiffenhausen.de\/neu\/wp-json\/wp\/v2\/pages\/83","targetHints":{"allow":["GET"]}}],"collection":[{"href":"https:\/\/tsv-reiffenhausen.de\/neu\/wp-json\/wp\/v2\/pages"}],"about":[{"href":"https:\/\/tsv-reiffenhausen.de\/neu\/wp-json\/wp\/v2\/types\/page"}],"author":[{"embeddable":true,"href":"https:\/\/tsv-reiffenhausen.de\/neu\/wp-json\/wp\/v2\/users\/2"}],"replies":[{"embeddable":true,"href":"https:\/\/tsv-reiffenhausen.de\/neu\/wp-json\/wp\/v2\/comments?post=83"}],"version-history":[{"count":1,"href":"https:\/\/tsv-reiffenhausen.de\/neu\/wp-json\/wp\/v2\/pages\/83\/revisions"}],"predecessor-version":[{"id":3074,"href":"https:\/\/tsv-reiffenhausen.de\/neu\/wp-json\/wp\/v2\/pages\/83\/revisions\/3074"}],"up":[{"embeddable":true,"href":"https:\/\/tsv-reiffenhausen.de\/neu\/wp-json\/wp\/v2\/pages\/44"}],"wp:attachment":[{"href":"https:\/\/tsv-reiffenhausen.de\/neu\/wp-json\/wp\/v2\/media?parent=83"}],"curies":[{"name":"wp","href":"https:\/\/api.w.org\/{rel}","templated":true}]}}