{"id":96,"date":"2024-10-08T11:35:53","date_gmt":"2024-10-08T11:35:53","guid":{"rendered":"https:\/\/tsv-reiffenhausen.de\/?page_id=96"},"modified":"2025-05-24T16:10:19","modified_gmt":"2025-05-24T14:10:19","slug":"gymnastik","status":"publish","type":"page","link":"https:\/\/tsv-reiffenhausen.de\/neu\/sport\/gymnastik\/","title":{"rendered":"Fitness"},"content":{"rendered":"\n<h2 class=\"wp-block-heading\">Fitness<\/h2>\n\n\n\n<h3 class=\"wp-block-heading\">Frauen-Fitness<\/h3>\n\n\n\n<p>Allgemeine <strong>Frauen-Fitness<\/strong> findet montags von 18:00 &#8211; 19:15 Uhr und von 19:30 bis 21:00 Uhr statt. Frauen jeden Alters und mit jedem Fitness-Level sind herzlich eingeladen! <\/p>\n\n\n\n<p style=\"margin-bottom:var(--wp--preset--spacing--40)\"><strong>R\u00fcckengymnastik <\/strong>findet mittwochs von 18:00 bis 19:15 Uhr statt. Der Kurs ist offen f\u00fcr Frauen und M\u00e4nner.<\/p>\n\n\n\n<h3 class=\"wp-block-heading\">M\u00e4nner-Fitness<\/h3>\n\n\n\n<p style=\"margin-bottom:var(--wp--preset--spacing--40)\">M\u00e4nner-Fitness findet donnerstags von 19:30 bis 21:30 Uhr statt. Alle M\u00e4nner mit Freude an der Bewegung sind herzlich eingeladen!<\/p>\n\n\n\n<p>Bei Fragen kontaktiert Heike Hermeier unter <a href=\"mailto:info@tsv-reiffenhausen.de\">info@tsv-reiffenhausen.de<\/a>.<\/p>\n","protected":false},"excerpt":{"rendered":"<p>Fitness Frauen-Fitness Allgemeine Frauen-Fitness findet montags von 18:00 &#8211; 19:15 Uhr und von 19:30 bis 21:00 Uhr statt. Frauen jeden Alters und mit jedem Fitness-Level sind herzlich eingeladen! R\u00fcckengymnastik findet mittwochs von 18:00 bis 19:15 Uhr statt. Der Kurs ist offen f\u00fcr Frauen und M\u00e4nner. M\u00e4nner-Fitness M\u00e4nner-Fitness findet donnerstags von 19:30 bis 21:30 Uhr statt. [&hellip;]<\/p>\n","protected":false},"author":2,"featured_media":0,"parent":45,"menu_order":5,"comment_status":"closed","ping_status":"closed","template":"","meta":{"_uag_custom_page_level_css":"","site-sidebar-layout":"default","site-content-layout":"","ast-site-content-layout":"default","site-content-style":"default","site-sidebar-style":"default","ast-global-header-display":"","ast-banner-title-visibility":"","ast-main-header-display":"","ast-hfb-above-header-display":"","ast-hfb-below-header-display":"","ast-hfb-mobile-header-display":"","site-post-title":"disabled","ast-breadcrumbs-content":"","ast-featured-img":"","footer-sml-layout":"","theme-transparent-header-meta":"","adv-header-id-meta":"","stick-header-meta":"","header-above-stick-meta":"","header-main-stick-meta":"","header-below-stick-meta":"","astra-migrate-meta-layouts":"set","ast-page-background-enabled":"default","ast-page-background-meta":{"desktop":{"background-color":"var(--ast-global-color-4)","background-image":"","background-repeat":"repeat","background-position":"center center","background-size":"auto","background-attachment":"scroll","background-type":"","background-media":"","overlay-type":"","overlay-color":"","overlay-opacity":"","overlay-gradient":""},"tablet":{"background-color":"","background-image":"","background-repeat":"repeat","background-position":"center center","background-size":"auto","background-attachment":"scroll","background-type":"","background-media":"","overlay-type":"","overlay-color":"","overlay-opacity":"","overlay-gradient":""},"mobile":{"background-color":"","background-image":"","background-repeat":"repeat","background-position":"center center","background-size":"auto","background-attachment":"scroll","background-type":"","background-media":"","overlay-type":"","overlay-color":"","overlay-opacity":"","overlay-gradient":""}},"ast-content-background-meta":{"desktop":{"background-color":"var(--ast-global-color-5)","background-image":"","background-repeat":"repeat","background-position":"center center","background-size":"auto","background-attachment":"scroll","background-type":"","background-media":"","overlay-type":"","overlay-color":"","overlay-opacity":"","overlay-gradient":""},"tablet":{"background-color":"var(--ast-global-color-5)","background-image":"","background-repeat":"repeat","background-position":"center center","background-size":"auto","background-attachment":"scroll","background-type":"","background-media":"","overlay-type":"","overlay-color":"","overlay-opacity":"","overlay-gradient":""},"mobile":{"background-color":"var(--ast-global-color-5)","background-image":"","background-repeat":"repeat","background-position":"center center","background-size":"auto","background-attachment":"scroll","background-type":"","background-media":"","overlay-type":"","overlay-color":"","overlay-opacity":"","overlay-gradient":""}},"footnotes":""},"class_list":["post-96","page","type-page","status-publish","hentry"],"uagb_featured_image_src":{"full":false,"thumbnail":false,"medium":false,"medium_large":false,"large":false,"1536x1536":false,"2048x2048":false},"uagb_author_info":{"display_name":"Bianca Volk","author_link":"https:\/\/tsv-reiffenhausen.de\/neu\/author\/tsv-reiffenhausen\/"},"uagb_comment_info":0,"uagb_excerpt":"Fitness Frauen-Fitness Allgemeine Frauen-Fitness findet montags von 18:00 &#8211; 19:15 Uhr und von 19:30 bis 21:00 Uhr statt. Frauen jeden Alters und mit jedem Fitness-Level sind herzlich eingeladen! R\u00fcckengymnastik findet mittwochs von 18:00 bis 19:15 Uhr statt. Der Kurs ist offen f\u00fcr Frauen und M\u00e4nner. M\u00e4nner-Fitness M\u00e4nner-Fitness findet donnerstags von 19:30 bis 21:30 Uhr statt.&hellip;","_links":{"self":[{"href":"https:\/\/tsv-reiffenhausen.de\/neu\/wp-json\/wp\/v2\/pages\/96","targetHints":{"allow":["GET"]}}],"collection":[{"href":"https:\/\/tsv-reiffenhausen.de\/neu\/wp-json\/wp\/v2\/pages"}],"about":[{"href":"https:\/\/tsv-reiffenhausen.de\/neu\/wp-json\/wp\/v2\/types\/page"}],"author":[{"embeddable":true,"href":"https:\/\/tsv-reiffenhausen.de\/neu\/wp-json\/wp\/v2\/users\/2"}],"replies":[{"embeddable":true,"href":"https:\/\/tsv-reiffenhausen.de\/neu\/wp-json\/wp\/v2\/comments?post=96"}],"version-history":[{"count":7,"href":"https:\/\/tsv-reiffenhausen.de\/neu\/wp-json\/wp\/v2\/pages\/96\/revisions"}],"predecessor-version":[{"id":2889,"href":"https:\/\/tsv-reiffenhausen.de\/neu\/wp-json\/wp\/v2\/pages\/96\/revisions\/2889"}],"up":[{"embeddable":true,"href":"https:\/\/tsv-reiffenhausen.de\/neu\/wp-json\/wp\/v2\/pages\/45"}],"wp:attachment":[{"href":"https:\/\/tsv-reiffenhausen.de\/neu\/wp-json\/wp\/v2\/media?parent=96"}],"curies":[{"name":"wp","href":"https:\/\/api.w.org\/{rel}","templated":true}]}}